{"id":3327,"date":"2017-12-08T14:08:00","date_gmt":"2017-12-08T13:08:00","guid":{"rendered":"https:\/\/stineoester.dk\/veri-politikasi\/"},"modified":"2023-07-05T12:59:51","modified_gmt":"2023-07-05T10:59:51","slug":"veri-politikasi","status":"publish","type":"page","link":"https:\/\/stineoester.dk\/tr\/veri-politikasi\/","title":{"rendered":"Veri politikas\u0131"},"content":{"rendered":"<p>stineoester.dk adresinde kay\u0131tl\u0131 hi\u00e7bir ki\u015fisel bilgi hi\u00e7bir zaman \u00fc\u00e7\u00fcnc\u00fc \u015fah\u0131slara aktar\u0131lmayacak, sat\u0131lmayacak veya kulland\u0131r\u0131lmayacakt\u0131r. T\u00fcm bilgiler Veri Merkezinde g\u00fcvenli bir \u015fekilde saklan\u0131r ve yaln\u0131zca g\u00fcvenilir \u00e7al\u0131\u015fanlar taraf\u0131ndan eri\u015filebilir. Bilgiler yaln\u0131zca sipari\u015finizin i\u015flenmesi amac\u0131yla ve stineoester.dk&#8217;den \u00fcr\u00fcnler hakk\u0131nda daha fazla bilgi almay\u0131 se\u00e7tiyseniz toplan\u0131r.<\/p>\n<p>Herhangi bir elektronik \u00f6deme ile ba\u011flant\u0131l\u0131 olarak, ma\u011faza arac\u0131l\u0131\u011f\u0131yla g\u00fcvenli bir \u015fifreli y\u00f6ntem kullan\u0131l\u0131r. PBS&#8217;den yetki alm\u0131\u015f onayl\u0131 bir sa\u011flay\u0131c\u0131d\u0131r.<\/p>\n<p>Bir sat\u0131n alma i\u015flemi s\u0131ras\u0131nda ad\u0131n\u0131z\u0131, adresinizi, telefon numaran\u0131z\u0131 ve e-posta adresinizi isteriz. Bu bilgiler yaln\u0131zca sipari\u015fin i\u015flenmesi i\u00e7in kullan\u0131l\u0131r. Bilgiler elektronik olarak \u015fifrelenmemi\u015f bi\u00e7imde iletilir ve saklan\u0131r ve 5 y\u0131l s\u00fcreyle saklan\u0131r. &#8220;S\u00f6zle\u015fmenin&#8221; (sat\u0131n alma anla\u015fmas\u0131) kendisi stineoester.dk adresinde daha sonra giri\u015f yapman\u0131za ve durumu g\u00f6r\u00fcnt\u00fclemenize\/de\u011fi\u015ftirmenize izin verecek \u015fekilde saklanmaz.<\/p>\n<p>Herhangi bir sat\u0131n alma i\u015fleminin yap\u0131ld\u0131\u011f\u0131 IP adresini kaydederiz. Bu bilgiler genellikle ge\u00e7erli de\u011fildir, ancak olas\u0131 bir polis soru\u015fturmas\u0131nda kullan\u0131labilir. T\u00fcm sahte sipari\u015fler polise bildirilir!<\/p>\n<p>Ayr\u0131ca iste\u011fe ba\u011fl\u0131 olarak e-posta adresinizin stineoester.dk haber b\u00fcltenine dahil edilmesini sa\u011flayabilirsiniz, b\u00f6ylece stineoester.dk&#8217;den d\u00fczenli olarak haber ve di\u011fer bilgileri al\u0131rs\u0131n\u0131z. Bu hizmete istenildi\u011fi zaman abone olunabilir ve abonelikten \u00e7\u0131k\u0131labilir.<\/p>\n<p>Danimarka Ki\u015fisel Veri Yasas\u0131 uyar\u0131nca, talep \u00fczerine kay\u0131tl\u0131 veriler hakk\u0131nda bilgi veriyoruz ve itirazlara dayanarak verileri istenildi\u011fi \u00f6l\u00e7\u00fcde siliyoruz.<\/p>\n","protected":false},"excerpt":{"rendered":"<p>stineoester.dk adresinde kay\u0131tl\u0131 hi\u00e7bir ki\u015fisel bilgi hi\u00e7bir zaman \u00fc\u00e7\u00fcnc\u00fc \u015fah\u0131slara aktar\u0131lmayacak, sat\u0131lmayacak veya kulland\u0131r\u0131lmayacakt\u0131r. T\u00fcm bilgiler Veri Merkezinde g\u00fcvenli bir \u015fekilde saklan\u0131r ve yaln\u0131zca g\u00fcvenilir \u00e7al\u0131\u015fanlar taraf\u0131ndan eri\u015filebilir. Bilgiler yaln\u0131zca sipari\u015finizin i\u015flenmesi amac\u0131yla ve stineoester.dk&#8217;den \u00fcr\u00fcnler hakk\u0131nda daha fazla bilgi almay\u0131 se\u00e7tiyseniz toplan\u0131r. Herhangi bir elektronik \u00f6deme ile ba\u011flant\u0131l\u0131 olarak, ma\u011faza arac\u0131l\u0131\u011f\u0131yla g\u00fcvenli bir \u015fifreli<\/p>\n","protected":false},"author":1,"featured_media":0,"parent":0,"menu_order":0,"comment_status":"closed","ping_status":"closed","template":"","meta":{"footnotes":""},"class_list":["post-3327","page","type-page","status-publish"],"yoast_head":"<!-- This site is optimized with the Yoast SEO plugin v26.2 - https:\/\/yoast.com\/wordpress\/plugins\/seo\/ -->\n<title>Veri politikas\u0131 - Stine \u00d8ster<\/title>\n<meta name=\"robots\" content=\"index, follow, max-snippet:-1, max-image-preview:large, max-video-preview:-1\" \/>\n<link rel=\"canonical\" href=\"https:\/\/stineoester.dk\/tr\/?page_id=3327\" \/>\n<meta property=\"og:locale\" content=\"tr_TR\" \/>\n<meta property=\"og:type\" content=\"article\" \/>\n<meta property=\"og:title\" content=\"Veri politikas\u0131 - Stine \u00d8ster\" \/>\n<meta property=\"og:description\" content=\"stineoester.dk adresinde kay\u0131tl\u0131 hi\u00e7bir ki\u015fisel bilgi hi\u00e7bir zaman \u00fc\u00e7\u00fcnc\u00fc \u015fah\u0131slara aktar\u0131lmayacak, sat\u0131lmayacak veya kulland\u0131r\u0131lmayacakt\u0131r. T\u00fcm bilgiler Veri Merkezinde g\u00fcvenli bir \u015fekilde saklan\u0131r ve yaln\u0131zca g\u00fcvenilir \u00e7al\u0131\u015fanlar taraf\u0131ndan eri\u015filebilir. Bilgiler yaln\u0131zca sipari\u015finizin i\u015flenmesi amac\u0131yla ve stineoester.dk&#8217;den \u00fcr\u00fcnler hakk\u0131nda daha fazla bilgi almay\u0131 se\u00e7tiyseniz toplan\u0131r. Herhangi bir elektronik \u00f6deme ile ba\u011flant\u0131l\u0131 olarak, ma\u011faza arac\u0131l\u0131\u011f\u0131yla g\u00fcvenli bir \u015fifreli\" \/>\n<meta property=\"og:url\" content=\"https:\/\/stineoester.dk\/tr\/?page_id=3327\" \/>\n<meta property=\"og:site_name\" content=\"Stine \u00d8ster\" \/>\n<meta property=\"article:modified_time\" content=\"2023-07-05T10:59:51+00:00\" \/>\n<meta name=\"twitter:card\" content=\"summary_large_image\" \/>\n<meta name=\"twitter:label1\" content=\"Tahmini okuma s\u00fcresi\" \/>\n\t<meta name=\"twitter:data1\" content=\"1 dakika\" \/>\n<!-- \/ Yoast SEO plugin. -->","yoast_head_json":{"title":"Veri politikas\u0131 - Stine \u00d8ster","robots":{"index":"index","follow":"follow","max-snippet":"max-snippet:-1","max-image-preview":"max-image-preview:large","max-video-preview":"max-video-preview:-1"},"canonical":"https:\/\/stineoester.dk\/tr\/?page_id=3327","og_locale":"tr_TR","og_type":"article","og_title":"Veri politikas\u0131 - Stine \u00d8ster","og_description":"stineoester.dk adresinde kay\u0131tl\u0131 hi\u00e7bir ki\u015fisel bilgi hi\u00e7bir zaman \u00fc\u00e7\u00fcnc\u00fc \u015fah\u0131slara aktar\u0131lmayacak, sat\u0131lmayacak veya kulland\u0131r\u0131lmayacakt\u0131r. T\u00fcm bilgiler Veri Merkezinde g\u00fcvenli bir \u015fekilde saklan\u0131r ve yaln\u0131zca g\u00fcvenilir \u00e7al\u0131\u015fanlar taraf\u0131ndan eri\u015filebilir. Bilgiler yaln\u0131zca sipari\u015finizin i\u015flenmesi amac\u0131yla ve stineoester.dk&#8217;den \u00fcr\u00fcnler hakk\u0131nda daha fazla bilgi almay\u0131 se\u00e7tiyseniz toplan\u0131r. Herhangi bir elektronik \u00f6deme ile ba\u011flant\u0131l\u0131 olarak, ma\u011faza arac\u0131l\u0131\u011f\u0131yla g\u00fcvenli bir \u015fifreli","og_url":"https:\/\/stineoester.dk\/tr\/?page_id=3327","og_site_name":"Stine \u00d8ster","article_modified_time":"2023-07-05T10:59:51+00:00","twitter_card":"summary_large_image","twitter_misc":{"Tahmini okuma s\u00fcresi":"1 dakika"},"schema":{"@context":"https:\/\/schema.org","@graph":[{"@type":"WebPage","@id":"https:\/\/stineoester.dk\/tr\/?page_id=3327","url":"https:\/\/stineoester.dk\/tr\/?page_id=3327","name":"Veri politikas\u0131 - Stine \u00d8ster","isPartOf":{"@id":"https:\/\/stineoester.dk\/#website"},"datePublished":"2017-12-08T13:08:00+00:00","dateModified":"2023-07-05T10:59:51+00:00","breadcrumb":{"@id":"https:\/\/stineoester.dk\/tr\/?page_id=3327#breadcrumb"},"inLanguage":"tr","potentialAction":[{"@type":"ReadAction","target":["https:\/\/stineoester.dk\/tr\/?page_id=3327"]}]},{"@type":"BreadcrumbList","@id":"https:\/\/stineoester.dk\/tr\/?page_id=3327#breadcrumb","itemListElement":[{"@type":"ListItem","position":1,"name":"Hjem","item":"https:\/\/stineoester.dk\/"},{"@type":"ListItem","position":2,"name":"Veri politikas\u0131"}]},{"@type":"WebSite","@id":"https:\/\/stineoester.dk\/#website","url":"https:\/\/stineoester.dk\/","name":"Stine \u00d8ster","description":"Strikkeopskrifter - Stines blog om strik","publisher":{"@id":"https:\/\/stineoester.dk\/#\/schema\/person\/9ce68975ea36c5ac4ffb7f635e8218b4"},"potentialAction":[{"@type":"SearchAction","target":{"@type":"EntryPoint","urlTemplate":"https:\/\/stineoester.dk\/?s={search_term_string}"},"query-input":{"@type":"PropertyValueSpecification","valueRequired":true,"valueName":"search_term_string"}}],"inLanguage":"tr"},{"@type":["Person","Organization"],"@id":"https:\/\/stineoester.dk\/#\/schema\/person\/9ce68975ea36c5ac4ffb7f635e8218b4","name":"Strikkeekspert Stine \u00d8ster","image":{"@type":"ImageObject","inLanguage":"tr","@id":"https:\/\/stineoester.dk\/#\/schema\/person\/image\/","url":"https:\/\/secure.gravatar.com\/avatar\/718dbfa699c0532ae1388c47d14d3e88aa2538bdeda14da97fc5e129d552931d?s=96&d=mm&r=g","contentUrl":"https:\/\/secure.gravatar.com\/avatar\/718dbfa699c0532ae1388c47d14d3e88aa2538bdeda14da97fc5e129d552931d?s=96&d=mm&r=g","caption":"Strikkeekspert Stine \u00d8ster"},"logo":{"@id":"https:\/\/stineoester.dk\/#\/schema\/person\/image\/"},"description":"Stine har strikket siden hun var blot 4 \u00e5r gammel. Hun l\u00e6rte det af sin mormor og har siden ikke kunne slippe strikket\u00f8jet. De f\u00f8rste mange \u00e5r var det blot en hobby at strikke, selvom det er blevet til mange hundrede opskrifter var det f\u00f8rst i 2010 at hun for alvor begyndte at designe professionelt. Siden er det blevet til mange dusin opskrifter i alle former og farver. Stine har designet alt fra karklude til nogle af de mest strikkede modeller i Danmark. Rome Ponchoen er Stines mest strikkede opskrift. Igennem \u00e5rene er der solgt mere end 1000 opskrifter af denne model. I det hele taget er en Poncho noget af det som Stine ynder at strikke. Det er blevet til flere meget strikkede emodeller. Herunder Putte Poncho og den s\u00e5kaldte Charlotte Poncho, som hun strikkede til hende da Charlotte Roest blev valgt ind i byr\u00e5det. R\u00e5dgivning Stine har igennem webshoppen filato.dk, der nu fungerer alene som strikkeblog samt i hendes fysiske forretning i Pr\u00e6st\u00f8, brugt sine evner til at r\u00e5dgive kunder hver eneste dag. Den professionelle tilgang til garn og opskrifter har hjulpet mange mennesker fra hele Danmark I 2018 valgte Stine at lukke sin fysiske forretning og g\u00e5 100% ind p\u00e5 strikke designs F\u00e5 ekspert hj\u00e6lp N\u00e5r man designer s\u00e5 meget som Stine har gjort, s\u00e5 kan det naturligvis v\u00e6re en udfordring at kunne hj\u00e6lpe alle. Hun g\u00f8r sit ypperste og s\u00e6rligt i Facebook gruppen kan du f\u00e5 hj\u00e6lp. Skulle du st\u00f8de ind i problemer kan Stine ogs\u00e5 hj\u00e6lpe dig ved at du skriver her. Enten som kommentar til opskriften eller ved at kontakte hende direkte. Vil du have Stines opskrifter? Du kan enten k\u00f8be dem p\u00e5 ravelry.com eller her p\u00e5 siden under K\u00f8be opskrifter Du kan f\u00f8lge Stine p\u00e5 de sociale medier her - LinkedIn - Facebook - Instagram"}]}},"_links":{"self":[{"href":"https:\/\/stineoester.dk\/tr\/wp-json\/wp\/v2\/pages\/3327","targetHints":{"allow":["GET"]}}],"collection":[{"href":"https:\/\/stineoester.dk\/tr\/wp-json\/wp\/v2\/pages"}],"about":[{"href":"https:\/\/stineoester.dk\/tr\/wp-json\/wp\/v2\/types\/page"}],"author":[{"embeddable":true,"href":"https:\/\/stineoester.dk\/tr\/wp-json\/wp\/v2\/users\/1"}],"replies":[{"embeddable":true,"href":"https:\/\/stineoester.dk\/tr\/wp-json\/wp\/v2\/comments?post=3327"}],"version-history":[{"count":1,"href":"https:\/\/stineoester.dk\/tr\/wp-json\/wp\/v2\/pages\/3327\/revisions"}],"predecessor-version":[{"id":3328,"href":"https:\/\/stineoester.dk\/tr\/wp-json\/wp\/v2\/pages\/3327\/revisions\/3328"}],"wp:attachment":[{"href":"https:\/\/stineoester.dk\/tr\/wp-json\/wp\/v2\/media?parent=3327"}],"curies":[{"name":"wp","href":"https:\/\/api.w.org\/{rel}","templated":true}]}}