{"id":3329,"date":"2017-12-08T14:08:00","date_gmt":"2017-12-08T13:08:00","guid":{"rendered":"https:\/\/stineoester.dk\/datapolicy\/"},"modified":"2023-07-05T12:59:51","modified_gmt":"2023-07-05T10:59:51","slug":"datapolicy","status":"publish","type":"page","link":"https:\/\/stineoester.dk\/sv\/datapolicy\/","title":{"rendered":"Datapolicy"},"content":{"rendered":"<p>Inga personuppgifter som registreras p\u00e5 stineoester.dk kommer vid n\u00e5got tillf\u00e4lle att \u00f6verf\u00f6ras, s\u00e4ljas eller g\u00f6ras tillg\u00e4ngliga f\u00f6r tredje part. All information lagras p\u00e5 ett s\u00e4kert s\u00e4tt i datacentret och \u00e4r endast tillg\u00e4nglig f\u00f6r betrodda medarbetare. Informationen samlas in enbart i syfte att behandla din best\u00e4llning och om du har valt att f\u00e5 mer information om produkter fr\u00e5n stineoester.dk.<\/p>\n<p>I samband med elektronisk betalning anv\u00e4nds en s\u00e4ker krypterad metod genom butiken. Det \u00e4r en godk\u00e4nd leverant\u00f6r med tillst\u00e5nd fr\u00e5n PBS.<\/p>\n<p>Vid ett k\u00f6p ber vi om ditt namn, din adress, ditt telefonnummer och din e-postadress. Denna information anv\u00e4nds endast f\u00f6r att behandla best\u00e4llningen. Informationen \u00f6verf\u00f6rs och lagras elektroniskt i okrypterad form och lagras i 5 \u00e5r. Sj\u00e4lva &#8220;kontraktet&#8221; (k\u00f6peavtalet) lagras inte p\u00e5 stineoester.dk p\u00e5 ett s\u00e4tt som g\u00f6r att du senare kan logga in och se\/\u00e4ndra status.<\/p>\n<p>Vi registrerar den IP-adress fr\u00e5n vilken eventuella k\u00f6p g\u00f6rs. Informationen \u00e4r vanligtvis inte till\u00e4mplig, men kan anv\u00e4ndas i en eventuell polisutredning. Alla bedr\u00e4gerier rapporteras till polisen!<\/p>\n<p>Du kan ocks\u00e5 v\u00e4lja att l\u00e5ta din e-postadress ing\u00e5 i nyhetsbrevet fr\u00e5n stineoester.dk, s\u00e5 att du regelbundet f\u00e5r nyheter och annan information fr\u00e5n stineoester.dk. Denna tj\u00e4nst kan n\u00e4r som helst abonneras och avregistreras efter \u00f6nskem\u00e5l.<\/p>\n<p>I enlighet med den danska personuppgiftslagen tillhandah\u00e5ller vi information om registrerade uppgifter p\u00e5 beg\u00e4ran och, baserat p\u00e5 eventuella inv\u00e4ndningar, raderar vi uppgifter i den utstr\u00e4ckning som \u00f6nskas.<\/p>\n","protected":false},"excerpt":{"rendered":"<p>Inga personuppgifter som registreras p\u00e5 stineoester.dk kommer vid n\u00e5got tillf\u00e4lle att \u00f6verf\u00f6ras, s\u00e4ljas eller g\u00f6ras tillg\u00e4ngliga f\u00f6r tredje part. All information lagras p\u00e5 ett s\u00e4kert s\u00e4tt i datacentret och \u00e4r endast tillg\u00e4nglig f\u00f6r betrodda medarbetare. Informationen samlas in enbart i syfte att behandla din best\u00e4llning och om du har valt att f\u00e5 mer information om<\/p>\n","protected":false},"author":1,"featured_media":0,"parent":0,"menu_order":0,"comment_status":"closed","ping_status":"closed","template":"","meta":{"footnotes":""},"class_list":["post-3329","page","type-page","status-publish"],"yoast_head":"<!-- This site is optimized with the Yoast SEO plugin v26.2 - https:\/\/yoast.com\/wordpress\/plugins\/seo\/ -->\n<title>Datapolicy - Stine \u00d8ster<\/title>\n<meta name=\"robots\" content=\"index, follow, max-snippet:-1, max-image-preview:large, max-video-preview:-1\" \/>\n<link rel=\"canonical\" href=\"https:\/\/stineoester.dk\/sv\/?page_id=3329\" \/>\n<meta property=\"og:locale\" content=\"sv_SE\" \/>\n<meta property=\"og:type\" content=\"article\" \/>\n<meta property=\"og:title\" content=\"Datapolicy - Stine \u00d8ster\" \/>\n<meta property=\"og:description\" content=\"Inga personuppgifter som registreras p\u00e5 stineoester.dk kommer vid n\u00e5got tillf\u00e4lle att \u00f6verf\u00f6ras, s\u00e4ljas eller g\u00f6ras tillg\u00e4ngliga f\u00f6r tredje part. All information lagras p\u00e5 ett s\u00e4kert s\u00e4tt i datacentret och \u00e4r endast tillg\u00e4nglig f\u00f6r betrodda medarbetare. Informationen samlas in enbart i syfte att behandla din best\u00e4llning och om du har valt att f\u00e5 mer information om\" \/>\n<meta property=\"og:url\" content=\"https:\/\/stineoester.dk\/sv\/?page_id=3329\" \/>\n<meta property=\"og:site_name\" content=\"Stine \u00d8ster\" \/>\n<meta property=\"article:modified_time\" content=\"2023-07-05T10:59:51+00:00\" \/>\n<meta name=\"twitter:card\" content=\"summary_large_image\" \/>\n<meta name=\"twitter:label1\" content=\"Ber\u00e4knad l\u00e4stid\" \/>\n\t<meta name=\"twitter:data1\" content=\"1 minut\" \/>\n<!-- \/ Yoast SEO plugin. -->","yoast_head_json":{"title":"Datapolicy - Stine \u00d8ster","robots":{"index":"index","follow":"follow","max-snippet":"max-snippet:-1","max-image-preview":"max-image-preview:large","max-video-preview":"max-video-preview:-1"},"canonical":"https:\/\/stineoester.dk\/sv\/?page_id=3329","og_locale":"sv_SE","og_type":"article","og_title":"Datapolicy - Stine \u00d8ster","og_description":"Inga personuppgifter som registreras p\u00e5 stineoester.dk kommer vid n\u00e5got tillf\u00e4lle att \u00f6verf\u00f6ras, s\u00e4ljas eller g\u00f6ras tillg\u00e4ngliga f\u00f6r tredje part. All information lagras p\u00e5 ett s\u00e4kert s\u00e4tt i datacentret och \u00e4r endast tillg\u00e4nglig f\u00f6r betrodda medarbetare. Informationen samlas in enbart i syfte att behandla din best\u00e4llning och om du har valt att f\u00e5 mer information om","og_url":"https:\/\/stineoester.dk\/sv\/?page_id=3329","og_site_name":"Stine \u00d8ster","article_modified_time":"2023-07-05T10:59:51+00:00","twitter_card":"summary_large_image","twitter_misc":{"Ber\u00e4knad l\u00e4stid":"1 minut"},"schema":{"@context":"https:\/\/schema.org","@graph":[{"@type":"WebPage","@id":"https:\/\/stineoester.dk\/sv\/?page_id=3329","url":"https:\/\/stineoester.dk\/sv\/?page_id=3329","name":"Datapolicy - Stine \u00d8ster","isPartOf":{"@id":"https:\/\/stineoester.dk\/#website"},"datePublished":"2017-12-08T13:08:00+00:00","dateModified":"2023-07-05T10:59:51+00:00","breadcrumb":{"@id":"https:\/\/stineoester.dk\/sv\/?page_id=3329#breadcrumb"},"inLanguage":"sv-SE","potentialAction":[{"@type":"ReadAction","target":["https:\/\/stineoester.dk\/sv\/?page_id=3329"]}]},{"@type":"BreadcrumbList","@id":"https:\/\/stineoester.dk\/sv\/?page_id=3329#breadcrumb","itemListElement":[{"@type":"ListItem","position":1,"name":"Hjem","item":"https:\/\/stineoester.dk\/"},{"@type":"ListItem","position":2,"name":"Datapolicy"}]},{"@type":"WebSite","@id":"https:\/\/stineoester.dk\/#website","url":"https:\/\/stineoester.dk\/","name":"Stine \u00d8ster","description":"Strikkeopskrifter - Stines blog om strik","publisher":{"@id":"https:\/\/stineoester.dk\/#\/schema\/person\/9ce68975ea36c5ac4ffb7f635e8218b4"},"potentialAction":[{"@type":"SearchAction","target":{"@type":"EntryPoint","urlTemplate":"https:\/\/stineoester.dk\/?s={search_term_string}"},"query-input":{"@type":"PropertyValueSpecification","valueRequired":true,"valueName":"search_term_string"}}],"inLanguage":"sv-SE"},{"@type":["Person","Organization"],"@id":"https:\/\/stineoester.dk\/#\/schema\/person\/9ce68975ea36c5ac4ffb7f635e8218b4","name":"Strikkeekspert Stine \u00d8ster","image":{"@type":"ImageObject","inLanguage":"sv-SE","@id":"https:\/\/stineoester.dk\/#\/schema\/person\/image\/","url":"https:\/\/secure.gravatar.com\/avatar\/718dbfa699c0532ae1388c47d14d3e88aa2538bdeda14da97fc5e129d552931d?s=96&d=mm&r=g","contentUrl":"https:\/\/secure.gravatar.com\/avatar\/718dbfa699c0532ae1388c47d14d3e88aa2538bdeda14da97fc5e129d552931d?s=96&d=mm&r=g","caption":"Strikkeekspert Stine \u00d8ster"},"logo":{"@id":"https:\/\/stineoester.dk\/#\/schema\/person\/image\/"},"description":"Stine har strikket siden hun var blot 4 \u00e5r gammel. Hun l\u00e6rte det af sin mormor og har siden ikke kunne slippe strikket\u00f8jet. De f\u00f8rste mange \u00e5r var det blot en hobby at strikke, selvom det er blevet til mange hundrede opskrifter var det f\u00f8rst i 2010 at hun for alvor begyndte at designe professionelt. Siden er det blevet til mange dusin opskrifter i alle former og farver. Stine har designet alt fra karklude til nogle af de mest strikkede modeller i Danmark. Rome Ponchoen er Stines mest strikkede opskrift. Igennem \u00e5rene er der solgt mere end 1000 opskrifter af denne model. I det hele taget er en Poncho noget af det som Stine ynder at strikke. Det er blevet til flere meget strikkede emodeller. Herunder Putte Poncho og den s\u00e5kaldte Charlotte Poncho, som hun strikkede til hende da Charlotte Roest blev valgt ind i byr\u00e5det. R\u00e5dgivning Stine har igennem webshoppen filato.dk, der nu fungerer alene som strikkeblog samt i hendes fysiske forretning i Pr\u00e6st\u00f8, brugt sine evner til at r\u00e5dgive kunder hver eneste dag. Den professionelle tilgang til garn og opskrifter har hjulpet mange mennesker fra hele Danmark I 2018 valgte Stine at lukke sin fysiske forretning og g\u00e5 100% ind p\u00e5 strikke designs F\u00e5 ekspert hj\u00e6lp N\u00e5r man designer s\u00e5 meget som Stine har gjort, s\u00e5 kan det naturligvis v\u00e6re en udfordring at kunne hj\u00e6lpe alle. Hun g\u00f8r sit ypperste og s\u00e6rligt i Facebook gruppen kan du f\u00e5 hj\u00e6lp. Skulle du st\u00f8de ind i problemer kan Stine ogs\u00e5 hj\u00e6lpe dig ved at du skriver her. Enten som kommentar til opskriften eller ved at kontakte hende direkte. Vil du have Stines opskrifter? Du kan enten k\u00f8be dem p\u00e5 ravelry.com eller her p\u00e5 siden under K\u00f8be opskrifter Du kan f\u00f8lge Stine p\u00e5 de sociale medier her - LinkedIn - Facebook - Instagram"}]}},"_links":{"self":[{"href":"https:\/\/stineoester.dk\/sv\/wp-json\/wp\/v2\/pages\/3329","targetHints":{"allow":["GET"]}}],"collection":[{"href":"https:\/\/stineoester.dk\/sv\/wp-json\/wp\/v2\/pages"}],"about":[{"href":"https:\/\/stineoester.dk\/sv\/wp-json\/wp\/v2\/types\/page"}],"author":[{"embeddable":true,"href":"https:\/\/stineoester.dk\/sv\/wp-json\/wp\/v2\/users\/1"}],"replies":[{"embeddable":true,"href":"https:\/\/stineoester.dk\/sv\/wp-json\/wp\/v2\/comments?post=3329"}],"version-history":[{"count":1,"href":"https:\/\/stineoester.dk\/sv\/wp-json\/wp\/v2\/pages\/3329\/revisions"}],"predecessor-version":[{"id":3330,"href":"https:\/\/stineoester.dk\/sv\/wp-json\/wp\/v2\/pages\/3329\/revisions\/3330"}],"wp:attachment":[{"href":"https:\/\/stineoester.dk\/sv\/wp-json\/wp\/v2\/media?parent=3329"}],"curies":[{"name":"wp","href":"https:\/\/api.w.org\/{rel}","templated":true}]}}