{"id":3317,"date":"2017-12-08T14:08:00","date_gmt":"2017-12-08T13:08:00","guid":{"rendered":"https:\/\/stineoester.dk\/datapolicy\/"},"modified":"2023-07-05T12:59:48","modified_gmt":"2023-07-05T10:59:48","slug":"datapolicy","status":"publish","type":"page","link":"https:\/\/stineoester.dk\/no\/datapolicy\/","title":{"rendered":"Datapolicy"},"content":{"rendered":"<p>Ingen personlig informasjon registrert p\u00e5 stineoester.dk blir p\u00e5 noe tidspunkt overf\u00f8rt, solgt eller gjort tilgjengelig for tredjeparter. All informasjon lagres sikkert i Datasenteret og er kun tilgjengelig for p\u00e5litelige ansatte. Informasjon samles inn kun for bruk i behandlingen av din bestilling og hvis du har valgt \u00e5 motta mer informasjon om produkter fra stineoester.dk.<\/p>\n<p>I forbindelse med evt Elektronisk betaling bruker en sikker kryptert metode gjennom butikken. Det er en godkjent leverand\u00f8r med godkjenning fra PBS.<\/p>\n<p>Under et kj\u00f8p ber vi om ditt navn, adresse, telefonnummer og e-postadresse. Denne informasjonen brukes utelukkende til \u00e5 behandle bestillingen din. Informasjonen overf\u00f8res og lagres elektronisk i ukryptert form, og lagres i 5 \u00e5r. Selve &#8220;kontrakten&#8221; (kj\u00f8psavtalen) lagres ikke p\u00e5 stineoester.dk p\u00e5 en slik m\u00e5te at du senere kan logge inn og se\/endre status.<\/p>\n<p>Vi registrerer IP-adressen som kj\u00f8pet er gjort. Informasjonen er normalt ikke til nytte, men kan brukes i en ev politiets etterforskning. Alle falske bestillinger meldes til politiet!<\/p>\n<p>Du kan ogs\u00e5 valgfritt ha e-postadressen din inkludert i stineoester.dk-nyhetsbrevet, slik at du regelmessig mottar nyheter og annen informasjon fra stineoester.dk. Denne tjenesten kan registreres og avregistreres n\u00e5r som helst etter \u00f8nske.<\/p>\n<p>Jfr. personopplysningsloven gir vi informasjon ved henvendelser om registrerte opplysninger og p\u00e5 bakgrunn av evt innvendinger sletter vi dem i den grad det er \u00f8nskelig.<\/p>\n","protected":false},"excerpt":{"rendered":"<p>Ingen personlig informasjon registrert p\u00e5 stineoester.dk blir p\u00e5 noe tidspunkt overf\u00f8rt, solgt eller gjort tilgjengelig for tredjeparter. All informasjon lagres sikkert i Datasenteret og er kun tilgjengelig for p\u00e5litelige ansatte. Informasjon samles inn kun for bruk i behandlingen av din bestilling og hvis du har valgt \u00e5 motta mer informasjon om produkter fra stineoester.dk. I<\/p>\n","protected":false},"author":1,"featured_media":0,"parent":0,"menu_order":0,"comment_status":"closed","ping_status":"closed","template":"","meta":{"footnotes":""},"class_list":["post-3317","page","type-page","status-publish"],"yoast_head":"<!-- This site is optimized with the Yoast SEO plugin v26.2 - https:\/\/yoast.com\/wordpress\/plugins\/seo\/ -->\n<title>Datapolicy - Stine \u00d8ster<\/title>\n<meta name=\"robots\" content=\"index, follow, max-snippet:-1, max-image-preview:large, max-video-preview:-1\" \/>\n<link rel=\"canonical\" href=\"https:\/\/stineoester.dk\/no\/?page_id=3317\" \/>\n<meta property=\"og:locale\" content=\"nb_NO\" \/>\n<meta property=\"og:type\" content=\"article\" \/>\n<meta property=\"og:title\" content=\"Datapolicy - Stine \u00d8ster\" \/>\n<meta property=\"og:description\" content=\"Ingen personlig informasjon registrert p\u00e5 stineoester.dk blir p\u00e5 noe tidspunkt overf\u00f8rt, solgt eller gjort tilgjengelig for tredjeparter. All informasjon lagres sikkert i Datasenteret og er kun tilgjengelig for p\u00e5litelige ansatte. Informasjon samles inn kun for bruk i behandlingen av din bestilling og hvis du har valgt \u00e5 motta mer informasjon om produkter fra stineoester.dk. I\" \/>\n<meta property=\"og:url\" content=\"https:\/\/stineoester.dk\/no\/?page_id=3317\" \/>\n<meta property=\"og:site_name\" content=\"Stine \u00d8ster\" \/>\n<meta property=\"article:modified_time\" content=\"2023-07-05T10:59:48+00:00\" \/>\n<meta name=\"twitter:card\" content=\"summary_large_image\" \/>\n<meta name=\"twitter:label1\" content=\"Ansl. lesetid\" \/>\n\t<meta name=\"twitter:data1\" content=\"1 minutt\" \/>\n<!-- \/ Yoast SEO plugin. -->","yoast_head_json":{"title":"Datapolicy - Stine \u00d8ster","robots":{"index":"index","follow":"follow","max-snippet":"max-snippet:-1","max-image-preview":"max-image-preview:large","max-video-preview":"max-video-preview:-1"},"canonical":"https:\/\/stineoester.dk\/no\/?page_id=3317","og_locale":"nb_NO","og_type":"article","og_title":"Datapolicy - Stine \u00d8ster","og_description":"Ingen personlig informasjon registrert p\u00e5 stineoester.dk blir p\u00e5 noe tidspunkt overf\u00f8rt, solgt eller gjort tilgjengelig for tredjeparter. All informasjon lagres sikkert i Datasenteret og er kun tilgjengelig for p\u00e5litelige ansatte. Informasjon samles inn kun for bruk i behandlingen av din bestilling og hvis du har valgt \u00e5 motta mer informasjon om produkter fra stineoester.dk. I","og_url":"https:\/\/stineoester.dk\/no\/?page_id=3317","og_site_name":"Stine \u00d8ster","article_modified_time":"2023-07-05T10:59:48+00:00","twitter_card":"summary_large_image","twitter_misc":{"Ansl. lesetid":"1 minutt"},"schema":{"@context":"https:\/\/schema.org","@graph":[{"@type":"WebPage","@id":"https:\/\/stineoester.dk\/no\/?page_id=3317","url":"https:\/\/stineoester.dk\/no\/?page_id=3317","name":"Datapolicy - Stine \u00d8ster","isPartOf":{"@id":"https:\/\/stineoester.dk\/#website"},"datePublished":"2017-12-08T13:08:00+00:00","dateModified":"2023-07-05T10:59:48+00:00","breadcrumb":{"@id":"https:\/\/stineoester.dk\/no\/?page_id=3317#breadcrumb"},"inLanguage":"nb-NO","potentialAction":[{"@type":"ReadAction","target":["https:\/\/stineoester.dk\/no\/?page_id=3317"]}]},{"@type":"BreadcrumbList","@id":"https:\/\/stineoester.dk\/no\/?page_id=3317#breadcrumb","itemListElement":[{"@type":"ListItem","position":1,"name":"Hjem","item":"https:\/\/stineoester.dk\/"},{"@type":"ListItem","position":2,"name":"Datapolicy"}]},{"@type":"WebSite","@id":"https:\/\/stineoester.dk\/#website","url":"https:\/\/stineoester.dk\/","name":"Stine \u00d8ster","description":"Strikkeopskrifter - Stines blog om strik","publisher":{"@id":"https:\/\/stineoester.dk\/#\/schema\/person\/9ce68975ea36c5ac4ffb7f635e8218b4"},"potentialAction":[{"@type":"SearchAction","target":{"@type":"EntryPoint","urlTemplate":"https:\/\/stineoester.dk\/?s={search_term_string}"},"query-input":{"@type":"PropertyValueSpecification","valueRequired":true,"valueName":"search_term_string"}}],"inLanguage":"nb-NO"},{"@type":["Person","Organization"],"@id":"https:\/\/stineoester.dk\/#\/schema\/person\/9ce68975ea36c5ac4ffb7f635e8218b4","name":"Strikkeekspert Stine \u00d8ster","image":{"@type":"ImageObject","inLanguage":"nb-NO","@id":"https:\/\/stineoester.dk\/#\/schema\/person\/image\/","url":"https:\/\/secure.gravatar.com\/avatar\/718dbfa699c0532ae1388c47d14d3e88aa2538bdeda14da97fc5e129d552931d?s=96&d=mm&r=g","contentUrl":"https:\/\/secure.gravatar.com\/avatar\/718dbfa699c0532ae1388c47d14d3e88aa2538bdeda14da97fc5e129d552931d?s=96&d=mm&r=g","caption":"Strikkeekspert Stine \u00d8ster"},"logo":{"@id":"https:\/\/stineoester.dk\/#\/schema\/person\/image\/"},"description":"Stine har strikket siden hun var blot 4 \u00e5r gammel. Hun l\u00e6rte det af sin mormor og har siden ikke kunne slippe strikket\u00f8jet. De f\u00f8rste mange \u00e5r var det blot en hobby at strikke, selvom det er blevet til mange hundrede opskrifter var det f\u00f8rst i 2010 at hun for alvor begyndte at designe professionelt. Siden er det blevet til mange dusin opskrifter i alle former og farver. Stine har designet alt fra karklude til nogle af de mest strikkede modeller i Danmark. Rome Ponchoen er Stines mest strikkede opskrift. Igennem \u00e5rene er der solgt mere end 1000 opskrifter af denne model. I det hele taget er en Poncho noget af det som Stine ynder at strikke. Det er blevet til flere meget strikkede emodeller. Herunder Putte Poncho og den s\u00e5kaldte Charlotte Poncho, som hun strikkede til hende da Charlotte Roest blev valgt ind i byr\u00e5det. R\u00e5dgivning Stine har igennem webshoppen filato.dk, der nu fungerer alene som strikkeblog samt i hendes fysiske forretning i Pr\u00e6st\u00f8, brugt sine evner til at r\u00e5dgive kunder hver eneste dag. Den professionelle tilgang til garn og opskrifter har hjulpet mange mennesker fra hele Danmark I 2018 valgte Stine at lukke sin fysiske forretning og g\u00e5 100% ind p\u00e5 strikke designs F\u00e5 ekspert hj\u00e6lp N\u00e5r man designer s\u00e5 meget som Stine har gjort, s\u00e5 kan det naturligvis v\u00e6re en udfordring at kunne hj\u00e6lpe alle. Hun g\u00f8r sit ypperste og s\u00e6rligt i Facebook gruppen kan du f\u00e5 hj\u00e6lp. Skulle du st\u00f8de ind i problemer kan Stine ogs\u00e5 hj\u00e6lpe dig ved at du skriver her. Enten som kommentar til opskriften eller ved at kontakte hende direkte. Vil du have Stines opskrifter? Du kan enten k\u00f8be dem p\u00e5 ravelry.com eller her p\u00e5 siden under K\u00f8be opskrifter Du kan f\u00f8lge Stine p\u00e5 de sociale medier her - LinkedIn - Facebook - Instagram"}]}},"_links":{"self":[{"href":"https:\/\/stineoester.dk\/no\/wp-json\/wp\/v2\/pages\/3317","targetHints":{"allow":["GET"]}}],"collection":[{"href":"https:\/\/stineoester.dk\/no\/wp-json\/wp\/v2\/pages"}],"about":[{"href":"https:\/\/stineoester.dk\/no\/wp-json\/wp\/v2\/types\/page"}],"author":[{"embeddable":true,"href":"https:\/\/stineoester.dk\/no\/wp-json\/wp\/v2\/users\/1"}],"replies":[{"embeddable":true,"href":"https:\/\/stineoester.dk\/no\/wp-json\/wp\/v2\/comments?post=3317"}],"version-history":[{"count":1,"href":"https:\/\/stineoester.dk\/no\/wp-json\/wp\/v2\/pages\/3317\/revisions"}],"predecessor-version":[{"id":3318,"href":"https:\/\/stineoester.dk\/no\/wp-json\/wp\/v2\/pages\/3317\/revisions\/3318"}],"wp:attachment":[{"href":"https:\/\/stineoester.dk\/no\/wp-json\/wp\/v2\/media?parent=3317"}],"curies":[{"name":"wp","href":"https:\/\/api.w.org\/{rel}","templated":true}]}}