{"id":3319,"date":"2017-12-08T14:08:00","date_gmt":"2017-12-08T13:08:00","guid":{"rendered":"https:\/\/stineoester.dk\/gegevensbeleid\/"},"modified":"2023-07-05T12:59:50","modified_gmt":"2023-07-05T10:59:50","slug":"gegevensbeleid","status":"publish","type":"page","link":"https:\/\/stineoester.dk\/nl\/gegevensbeleid\/","title":{"rendered":"Gegevensbeleid"},"content":{"rendered":"<p>Persoonlijke informatie die op stineoester.dk is geregistreerd, zal op geen enkel moment worden overgedragen, verkocht of beschikbaar worden gesteld aan derden. Alle informatie wordt veilig opgeslagen in het datacentrum en is alleen toegankelijk voor vertrouwde medewerkers. Informatie wordt uitsluitend verzameld om uw bestelling te verwerken en als u ervoor hebt gekozen om meer informatie over producten van stineoester.dk te ontvangen.<\/p>\n<p>Voor elke elektronische betaling wordt in de winkel een beveiligde gecodeerde methode gebruikt. Het is een erkende aanbieder met toestemming van PBS.<\/p>\n<p>Tijdens een aankoop vragen we naar je naam, adres, telefoonnummer en e-mailadres. Deze informatie wordt uitsluitend gebruikt om de bestelling te verwerken. De informatie wordt onversleuteld elektronisch verzonden en opgeslagen en blijft 5 jaar bewaard. Het &#8220;contract&#8221; (koopovereenkomst) zelf wordt niet opgeslagen op stineoester.dk op een manier waarop je later kunt inloggen en de status kunt bekijken\/wijzigen.<\/p>\n<p>We registreren het IP-adres van waaruit aankopen worden gedaan. De informatie is meestal niet van toepassing, maar kan worden gebruikt in een eventueel politieonderzoek. Alle frauduleuze bestellingen worden aangegeven bij de politie!<\/p>\n<p>U kunt uw e-mailadres ook optioneel laten opnemen in de nieuwsbrief van stineoester.dk, zodat u regelmatig nieuws en andere informatie van stineoester.dk ontvangt. Deze service kan op elk gewenst moment worden in- en uitgeschreven.<\/p>\n<p>In overeenstemming met de Deense wet op persoonsgegevens verstrekken we op verzoek informatie over geregistreerde gegevens en verwijderen we, op basis van eventuele bezwaren, gegevens voor zover gewenst.<\/p>\n","protected":false},"excerpt":{"rendered":"<p>Persoonlijke informatie die op stineoester.dk is geregistreerd, zal op geen enkel moment worden overgedragen, verkocht of beschikbaar worden gesteld aan derden. Alle informatie wordt veilig opgeslagen in het datacentrum en is alleen toegankelijk voor vertrouwde medewerkers. Informatie wordt uitsluitend verzameld om uw bestelling te verwerken en als u ervoor hebt gekozen om meer informatie over<\/p>\n","protected":false},"author":1,"featured_media":0,"parent":0,"menu_order":0,"comment_status":"closed","ping_status":"closed","template":"","meta":{"footnotes":""},"class_list":["post-3319","page","type-page","status-publish"],"yoast_head":"<!-- This site is optimized with the Yoast SEO plugin v26.2 - https:\/\/yoast.com\/wordpress\/plugins\/seo\/ -->\n<title>Gegevensbeleid - Stine \u00d8ster<\/title>\n<meta name=\"robots\" content=\"index, follow, max-snippet:-1, max-image-preview:large, max-video-preview:-1\" \/>\n<link rel=\"canonical\" href=\"https:\/\/stineoester.dk\/nl\/?page_id=3319\" \/>\n<meta property=\"og:locale\" content=\"nl_NL\" \/>\n<meta property=\"og:type\" content=\"article\" \/>\n<meta property=\"og:title\" content=\"Gegevensbeleid - Stine \u00d8ster\" \/>\n<meta property=\"og:description\" content=\"Persoonlijke informatie die op stineoester.dk is geregistreerd, zal op geen enkel moment worden overgedragen, verkocht of beschikbaar worden gesteld aan derden. Alle informatie wordt veilig opgeslagen in het datacentrum en is alleen toegankelijk voor vertrouwde medewerkers. Informatie wordt uitsluitend verzameld om uw bestelling te verwerken en als u ervoor hebt gekozen om meer informatie over\" \/>\n<meta property=\"og:url\" content=\"https:\/\/stineoester.dk\/nl\/?page_id=3319\" \/>\n<meta property=\"og:site_name\" content=\"Stine \u00d8ster\" \/>\n<meta property=\"article:modified_time\" content=\"2023-07-05T10:59:50+00:00\" \/>\n<meta name=\"twitter:card\" content=\"summary_large_image\" \/>\n<meta name=\"twitter:label1\" content=\"Geschatte leestijd\" \/>\n\t<meta name=\"twitter:data1\" content=\"1 minuut\" \/>\n<!-- \/ Yoast SEO plugin. -->","yoast_head_json":{"title":"Gegevensbeleid - Stine \u00d8ster","robots":{"index":"index","follow":"follow","max-snippet":"max-snippet:-1","max-image-preview":"max-image-preview:large","max-video-preview":"max-video-preview:-1"},"canonical":"https:\/\/stineoester.dk\/nl\/?page_id=3319","og_locale":"nl_NL","og_type":"article","og_title":"Gegevensbeleid - Stine \u00d8ster","og_description":"Persoonlijke informatie die op stineoester.dk is geregistreerd, zal op geen enkel moment worden overgedragen, verkocht of beschikbaar worden gesteld aan derden. Alle informatie wordt veilig opgeslagen in het datacentrum en is alleen toegankelijk voor vertrouwde medewerkers. Informatie wordt uitsluitend verzameld om uw bestelling te verwerken en als u ervoor hebt gekozen om meer informatie over","og_url":"https:\/\/stineoester.dk\/nl\/?page_id=3319","og_site_name":"Stine \u00d8ster","article_modified_time":"2023-07-05T10:59:50+00:00","twitter_card":"summary_large_image","twitter_misc":{"Geschatte leestijd":"1 minuut"},"schema":{"@context":"https:\/\/schema.org","@graph":[{"@type":"WebPage","@id":"https:\/\/stineoester.dk\/nl\/?page_id=3319","url":"https:\/\/stineoester.dk\/nl\/?page_id=3319","name":"Gegevensbeleid - Stine \u00d8ster","isPartOf":{"@id":"https:\/\/stineoester.dk\/#website"},"datePublished":"2017-12-08T13:08:00+00:00","dateModified":"2023-07-05T10:59:50+00:00","breadcrumb":{"@id":"https:\/\/stineoester.dk\/nl\/?page_id=3319#breadcrumb"},"inLanguage":"nl-NL","potentialAction":[{"@type":"ReadAction","target":["https:\/\/stineoester.dk\/nl\/?page_id=3319"]}]},{"@type":"BreadcrumbList","@id":"https:\/\/stineoester.dk\/nl\/?page_id=3319#breadcrumb","itemListElement":[{"@type":"ListItem","position":1,"name":"Hjem","item":"https:\/\/stineoester.dk\/"},{"@type":"ListItem","position":2,"name":"Gegevensbeleid"}]},{"@type":"WebSite","@id":"https:\/\/stineoester.dk\/#website","url":"https:\/\/stineoester.dk\/","name":"Stine \u00d8ster","description":"Strikkeopskrifter - Stines blog om strik","publisher":{"@id":"https:\/\/stineoester.dk\/#\/schema\/person\/9ce68975ea36c5ac4ffb7f635e8218b4"},"potentialAction":[{"@type":"SearchAction","target":{"@type":"EntryPoint","urlTemplate":"https:\/\/stineoester.dk\/?s={search_term_string}"},"query-input":{"@type":"PropertyValueSpecification","valueRequired":true,"valueName":"search_term_string"}}],"inLanguage":"nl-NL"},{"@type":["Person","Organization"],"@id":"https:\/\/stineoester.dk\/#\/schema\/person\/9ce68975ea36c5ac4ffb7f635e8218b4","name":"Strikkeekspert Stine \u00d8ster","image":{"@type":"ImageObject","inLanguage":"nl-NL","@id":"https:\/\/stineoester.dk\/#\/schema\/person\/image\/","url":"https:\/\/secure.gravatar.com\/avatar\/718dbfa699c0532ae1388c47d14d3e88aa2538bdeda14da97fc5e129d552931d?s=96&d=mm&r=g","contentUrl":"https:\/\/secure.gravatar.com\/avatar\/718dbfa699c0532ae1388c47d14d3e88aa2538bdeda14da97fc5e129d552931d?s=96&d=mm&r=g","caption":"Strikkeekspert Stine \u00d8ster"},"logo":{"@id":"https:\/\/stineoester.dk\/#\/schema\/person\/image\/"},"description":"Stine har strikket siden hun var blot 4 \u00e5r gammel. Hun l\u00e6rte det af sin mormor og har siden ikke kunne slippe strikket\u00f8jet. De f\u00f8rste mange \u00e5r var det blot en hobby at strikke, selvom det er blevet til mange hundrede opskrifter var det f\u00f8rst i 2010 at hun for alvor begyndte at designe professionelt. Siden er det blevet til mange dusin opskrifter i alle former og farver. Stine har designet alt fra karklude til nogle af de mest strikkede modeller i Danmark. Rome Ponchoen er Stines mest strikkede opskrift. Igennem \u00e5rene er der solgt mere end 1000 opskrifter af denne model. I det hele taget er en Poncho noget af det som Stine ynder at strikke. Det er blevet til flere meget strikkede emodeller. Herunder Putte Poncho og den s\u00e5kaldte Charlotte Poncho, som hun strikkede til hende da Charlotte Roest blev valgt ind i byr\u00e5det. R\u00e5dgivning Stine har igennem webshoppen filato.dk, der nu fungerer alene som strikkeblog samt i hendes fysiske forretning i Pr\u00e6st\u00f8, brugt sine evner til at r\u00e5dgive kunder hver eneste dag. Den professionelle tilgang til garn og opskrifter har hjulpet mange mennesker fra hele Danmark I 2018 valgte Stine at lukke sin fysiske forretning og g\u00e5 100% ind p\u00e5 strikke designs F\u00e5 ekspert hj\u00e6lp N\u00e5r man designer s\u00e5 meget som Stine har gjort, s\u00e5 kan det naturligvis v\u00e6re en udfordring at kunne hj\u00e6lpe alle. Hun g\u00f8r sit ypperste og s\u00e6rligt i Facebook gruppen kan du f\u00e5 hj\u00e6lp. Skulle du st\u00f8de ind i problemer kan Stine ogs\u00e5 hj\u00e6lpe dig ved at du skriver her. Enten som kommentar til opskriften eller ved at kontakte hende direkte. Vil du have Stines opskrifter? Du kan enten k\u00f8be dem p\u00e5 ravelry.com eller her p\u00e5 siden under K\u00f8be opskrifter Du kan f\u00f8lge Stine p\u00e5 de sociale medier her - LinkedIn - Facebook - Instagram"}]}},"_links":{"self":[{"href":"https:\/\/stineoester.dk\/nl\/wp-json\/wp\/v2\/pages\/3319","targetHints":{"allow":["GET"]}}],"collection":[{"href":"https:\/\/stineoester.dk\/nl\/wp-json\/wp\/v2\/pages"}],"about":[{"href":"https:\/\/stineoester.dk\/nl\/wp-json\/wp\/v2\/types\/page"}],"author":[{"embeddable":true,"href":"https:\/\/stineoester.dk\/nl\/wp-json\/wp\/v2\/users\/1"}],"replies":[{"embeddable":true,"href":"https:\/\/stineoester.dk\/nl\/wp-json\/wp\/v2\/comments?post=3319"}],"version-history":[{"count":1,"href":"https:\/\/stineoester.dk\/nl\/wp-json\/wp\/v2\/pages\/3319\/revisions"}],"predecessor-version":[{"id":3320,"href":"https:\/\/stineoester.dk\/nl\/wp-json\/wp\/v2\/pages\/3319\/revisions\/3320"}],"wp:attachment":[{"href":"https:\/\/stineoester.dk\/nl\/wp-json\/wp\/v2\/media?parent=3319"}],"curies":[{"name":"wp","href":"https:\/\/api.w.org\/{rel}","templated":true}]}}