{"id":3313,"date":"2017-12-08T14:08:00","date_gmt":"2017-12-08T13:08:00","guid":{"rendered":"https:\/\/stineoester.dk\/gagnastefna\/"},"modified":"2023-07-05T12:59:47","modified_gmt":"2023-07-05T10:59:47","slug":"gagnastefna","status":"publish","type":"page","link":"https:\/\/stineoester.dk\/is\/gagnastefna\/","title":{"rendered":"Gagnastefna"},"content":{"rendered":"<p>Engar pers\u00f3nuuppl\u00fdsingar sem skr\u00e1\u00f0ar eru \u00e1 stineoester.dk eru \u00e1 hverjum t\u00edma framseldar, seldar e\u00f0a ger\u00f0ar a\u00f0gengilegar \u00feri\u00f0ja a\u00f0ila. Allar uppl\u00fdsingar eru geymdar \u00e1 \u00f6ruggan h\u00e1tt \u00ed Gagnaverinu og eru einungis a\u00f0gengilegar traustum starfsm\u00f6nnum. Uppl\u00fdsingum er eing\u00f6ngu safna\u00f0 til a\u00f0 nota vi\u00f0 vinnslu p\u00f6ntunar \u00feinnar og ef \u00fe\u00fa hefur vali\u00f0 a\u00f0 f\u00e1 frekari uppl\u00fdsingar um v\u00f6rur fr\u00e1 stineoester.dk.<\/p>\n<p>\u00cd sambandi vi\u00f0 hva\u00f0a Rafr\u00e6n grei\u00f0sla notar \u00f6rugga dulk\u00f3\u00f0a\u00f0a a\u00f0fer\u00f0 \u00ed gegnum b\u00fa\u00f0ina. \u00dea\u00f0 er vi\u00f0urkenndur veitandi me\u00f0 sam\u00feykki fr\u00e1 PBS.<\/p>\n<p>Vi\u00f0 kaup bi\u00f0jum vi\u00f0 um nafn \u00feitt, heimilisfang, s\u00edman\u00famer og netfang. \u00deessar uppl\u00fdsingar eru eing\u00f6ngu nota\u00f0ar til a\u00f0 vinna \u00far p\u00f6ntun \u00feinni. Uppl\u00fdsingarnar eru sendar og geymdar rafr\u00e6nt \u00e1 \u00f3dulk\u00f3\u00f0u\u00f0u formi og geymdar \u00ed 5 \u00e1r. &#8220;Samningurinn&#8221; sj\u00e1lfur (kaupsamningur) er ekki geymdur \u00e1 stineoester.dk \u00feannig a\u00f0 \u00fe\u00fa getir skr\u00e1\u00f0 \u00feig inn s\u00ed\u00f0ar og s\u00e9\u00f0\/breytt st\u00f6\u00f0unni.<\/p>\n<p>Vi\u00f0 skr\u00e1um IP t\u00f6luna sem kaup eru ger\u00f0. Uppl\u00fdsingarnar eru venjulega til einskis, en h\u00e6gt er a\u00f0 nota \u00fe\u00e6r \u00ed m\u00f6gulegum l\u00f6gregluranns\u00f3kn. Allar falsar pantanir eru k\u00e6r\u00f0ar til l\u00f6greglu!<\/p>\n<p>\u00de\u00fa getur l\u00edka valfrj\u00e1lst l\u00e1ti\u00f0 netfangi\u00f0 \u00feitt fylgja me\u00f0 \u00ed fr\u00e9ttabr\u00e9finu stineoester.dk, \u00feannig a\u00f0 \u00fe\u00fa f\u00e6r\u00f0 reglulega fr\u00e9ttir og a\u00f0rar uppl\u00fdsingar fr\u00e1 stineoester.dk. \u00deessa \u00fej\u00f3nustu er h\u00e6gt a\u00f0 skr\u00e1 og afskr\u00e1 hven\u00e6r sem er eins og \u00f3ska\u00f0 er.<\/p>\n<p>Sbr. pers\u00f3nuuppl\u00fdsingalaga veitum vi\u00f0 uppl\u00fdsingar um fyrirspurnir um skr\u00e1\u00f0ar uppl\u00fdsingar og \u00e1 grundvelli hvers kyns andm\u00e6li, ey\u00f0um vi\u00f0 \u00feeim a\u00f0 \u00fev\u00ed marki sem \u00f3ska\u00f0 er.<\/p>\n","protected":false},"excerpt":{"rendered":"<p>Engar pers\u00f3nuuppl\u00fdsingar sem skr\u00e1\u00f0ar eru \u00e1 stineoester.dk eru \u00e1 hverjum t\u00edma framseldar, seldar e\u00f0a ger\u00f0ar a\u00f0gengilegar \u00feri\u00f0ja a\u00f0ila. Allar uppl\u00fdsingar eru geymdar \u00e1 \u00f6ruggan h\u00e1tt \u00ed Gagnaverinu og eru einungis a\u00f0gengilegar traustum starfsm\u00f6nnum. Uppl\u00fdsingum er eing\u00f6ngu safna\u00f0 til a\u00f0 nota vi\u00f0 vinnslu p\u00f6ntunar \u00feinnar og ef \u00fe\u00fa hefur vali\u00f0 a\u00f0 f\u00e1 frekari uppl\u00fdsingar um v\u00f6rur<\/p>\n","protected":false},"author":1,"featured_media":0,"parent":0,"menu_order":0,"comment_status":"closed","ping_status":"closed","template":"","meta":{"footnotes":""},"class_list":["post-3313","page","type-page","status-publish"],"yoast_head":"<!-- This site is optimized with the Yoast SEO plugin v26.2 - https:\/\/yoast.com\/wordpress\/plugins\/seo\/ -->\n<title>Gagnastefna - Stine \u00d8ster<\/title>\n<meta name=\"robots\" content=\"index, follow, max-snippet:-1, max-image-preview:large, max-video-preview:-1\" \/>\n<link rel=\"canonical\" href=\"https:\/\/stineoester.dk\/is\/?page_id=3313\" \/>\n<meta property=\"og:locale\" content=\"is_IS\" \/>\n<meta property=\"og:type\" content=\"article\" \/>\n<meta property=\"og:title\" content=\"Gagnastefna - Stine \u00d8ster\" \/>\n<meta property=\"og:description\" content=\"Engar pers\u00f3nuuppl\u00fdsingar sem skr\u00e1\u00f0ar eru \u00e1 stineoester.dk eru \u00e1 hverjum t\u00edma framseldar, seldar e\u00f0a ger\u00f0ar a\u00f0gengilegar \u00feri\u00f0ja a\u00f0ila. Allar uppl\u00fdsingar eru geymdar \u00e1 \u00f6ruggan h\u00e1tt \u00ed Gagnaverinu og eru einungis a\u00f0gengilegar traustum starfsm\u00f6nnum. Uppl\u00fdsingum er eing\u00f6ngu safna\u00f0 til a\u00f0 nota vi\u00f0 vinnslu p\u00f6ntunar \u00feinnar og ef \u00fe\u00fa hefur vali\u00f0 a\u00f0 f\u00e1 frekari uppl\u00fdsingar um v\u00f6rur\" \/>\n<meta property=\"og:url\" content=\"https:\/\/stineoester.dk\/is\/?page_id=3313\" \/>\n<meta property=\"og:site_name\" content=\"Stine \u00d8ster\" \/>\n<meta property=\"article:modified_time\" content=\"2023-07-05T10:59:47+00:00\" \/>\n<meta name=\"twitter:card\" content=\"summary_large_image\" \/>\n<meta name=\"twitter:label1\" content=\"Est. reading time\" \/>\n\t<meta name=\"twitter:data1\" content=\"1 minute\" \/>\n<!-- \/ Yoast SEO plugin. -->","yoast_head_json":{"title":"Gagnastefna - Stine \u00d8ster","robots":{"index":"index","follow":"follow","max-snippet":"max-snippet:-1","max-image-preview":"max-image-preview:large","max-video-preview":"max-video-preview:-1"},"canonical":"https:\/\/stineoester.dk\/is\/?page_id=3313","og_locale":"is_IS","og_type":"article","og_title":"Gagnastefna - Stine \u00d8ster","og_description":"Engar pers\u00f3nuuppl\u00fdsingar sem skr\u00e1\u00f0ar eru \u00e1 stineoester.dk eru \u00e1 hverjum t\u00edma framseldar, seldar e\u00f0a ger\u00f0ar a\u00f0gengilegar \u00feri\u00f0ja a\u00f0ila. Allar uppl\u00fdsingar eru geymdar \u00e1 \u00f6ruggan h\u00e1tt \u00ed Gagnaverinu og eru einungis a\u00f0gengilegar traustum starfsm\u00f6nnum. Uppl\u00fdsingum er eing\u00f6ngu safna\u00f0 til a\u00f0 nota vi\u00f0 vinnslu p\u00f6ntunar \u00feinnar og ef \u00fe\u00fa hefur vali\u00f0 a\u00f0 f\u00e1 frekari uppl\u00fdsingar um v\u00f6rur","og_url":"https:\/\/stineoester.dk\/is\/?page_id=3313","og_site_name":"Stine \u00d8ster","article_modified_time":"2023-07-05T10:59:47+00:00","twitter_card":"summary_large_image","twitter_misc":{"Est. reading time":"1 minute"},"schema":{"@context":"https:\/\/schema.org","@graph":[{"@type":"WebPage","@id":"https:\/\/stineoester.dk\/is\/?page_id=3313","url":"https:\/\/stineoester.dk\/is\/?page_id=3313","name":"Gagnastefna - Stine \u00d8ster","isPartOf":{"@id":"https:\/\/stineoester.dk\/#website"},"datePublished":"2017-12-08T13:08:00+00:00","dateModified":"2023-07-05T10:59:47+00:00","breadcrumb":{"@id":"https:\/\/stineoester.dk\/is\/?page_id=3313#breadcrumb"},"inLanguage":"is","potentialAction":[{"@type":"ReadAction","target":["https:\/\/stineoester.dk\/is\/?page_id=3313"]}]},{"@type":"BreadcrumbList","@id":"https:\/\/stineoester.dk\/is\/?page_id=3313#breadcrumb","itemListElement":[{"@type":"ListItem","position":1,"name":"Hjem","item":"https:\/\/stineoester.dk\/"},{"@type":"ListItem","position":2,"name":"Gagnastefna"}]},{"@type":"WebSite","@id":"https:\/\/stineoester.dk\/#website","url":"https:\/\/stineoester.dk\/","name":"Stine \u00d8ster","description":"Strikkeopskrifter - Stines blog om strik","publisher":{"@id":"https:\/\/stineoester.dk\/#\/schema\/person\/9ce68975ea36c5ac4ffb7f635e8218b4"},"potentialAction":[{"@type":"SearchAction","target":{"@type":"EntryPoint","urlTemplate":"https:\/\/stineoester.dk\/?s={search_term_string}"},"query-input":{"@type":"PropertyValueSpecification","valueRequired":true,"valueName":"search_term_string"}}],"inLanguage":"is"},{"@type":["Person","Organization"],"@id":"https:\/\/stineoester.dk\/#\/schema\/person\/9ce68975ea36c5ac4ffb7f635e8218b4","name":"Strikkeekspert Stine \u00d8ster","image":{"@type":"ImageObject","inLanguage":"is","@id":"https:\/\/stineoester.dk\/#\/schema\/person\/image\/","url":"https:\/\/secure.gravatar.com\/avatar\/718dbfa699c0532ae1388c47d14d3e88aa2538bdeda14da97fc5e129d552931d?s=96&d=mm&r=g","contentUrl":"https:\/\/secure.gravatar.com\/avatar\/718dbfa699c0532ae1388c47d14d3e88aa2538bdeda14da97fc5e129d552931d?s=96&d=mm&r=g","caption":"Strikkeekspert Stine \u00d8ster"},"logo":{"@id":"https:\/\/stineoester.dk\/#\/schema\/person\/image\/"},"description":"Stine har strikket siden hun var blot 4 \u00e5r gammel. Hun l\u00e6rte det af sin mormor og har siden ikke kunne slippe strikket\u00f8jet. De f\u00f8rste mange \u00e5r var det blot en hobby at strikke, selvom det er blevet til mange hundrede opskrifter var det f\u00f8rst i 2010 at hun for alvor begyndte at designe professionelt. Siden er det blevet til mange dusin opskrifter i alle former og farver. Stine har designet alt fra karklude til nogle af de mest strikkede modeller i Danmark. Rome Ponchoen er Stines mest strikkede opskrift. Igennem \u00e5rene er der solgt mere end 1000 opskrifter af denne model. I det hele taget er en Poncho noget af det som Stine ynder at strikke. Det er blevet til flere meget strikkede emodeller. Herunder Putte Poncho og den s\u00e5kaldte Charlotte Poncho, som hun strikkede til hende da Charlotte Roest blev valgt ind i byr\u00e5det. R\u00e5dgivning Stine har igennem webshoppen filato.dk, der nu fungerer alene som strikkeblog samt i hendes fysiske forretning i Pr\u00e6st\u00f8, brugt sine evner til at r\u00e5dgive kunder hver eneste dag. Den professionelle tilgang til garn og opskrifter har hjulpet mange mennesker fra hele Danmark I 2018 valgte Stine at lukke sin fysiske forretning og g\u00e5 100% ind p\u00e5 strikke designs F\u00e5 ekspert hj\u00e6lp N\u00e5r man designer s\u00e5 meget som Stine har gjort, s\u00e5 kan det naturligvis v\u00e6re en udfordring at kunne hj\u00e6lpe alle. Hun g\u00f8r sit ypperste og s\u00e6rligt i Facebook gruppen kan du f\u00e5 hj\u00e6lp. Skulle du st\u00f8de ind i problemer kan Stine ogs\u00e5 hj\u00e6lpe dig ved at du skriver her. Enten som kommentar til opskriften eller ved at kontakte hende direkte. Vil du have Stines opskrifter? Du kan enten k\u00f8be dem p\u00e5 ravelry.com eller her p\u00e5 siden under K\u00f8be opskrifter Du kan f\u00f8lge Stine p\u00e5 de sociale medier her - LinkedIn - Facebook - Instagram"}]}},"_links":{"self":[{"href":"https:\/\/stineoester.dk\/is\/wp-json\/wp\/v2\/pages\/3313","targetHints":{"allow":["GET"]}}],"collection":[{"href":"https:\/\/stineoester.dk\/is\/wp-json\/wp\/v2\/pages"}],"about":[{"href":"https:\/\/stineoester.dk\/is\/wp-json\/wp\/v2\/types\/page"}],"author":[{"embeddable":true,"href":"https:\/\/stineoester.dk\/is\/wp-json\/wp\/v2\/users\/1"}],"replies":[{"embeddable":true,"href":"https:\/\/stineoester.dk\/is\/wp-json\/wp\/v2\/comments?post=3313"}],"version-history":[{"count":1,"href":"https:\/\/stineoester.dk\/is\/wp-json\/wp\/v2\/pages\/3313\/revisions"}],"predecessor-version":[{"id":3314,"href":"https:\/\/stineoester.dk\/is\/wp-json\/wp\/v2\/pages\/3313\/revisions\/3314"}],"wp:attachment":[{"href":"https:\/\/stineoester.dk\/is\/wp-json\/wp\/v2\/media?parent=3313"}],"curies":[{"name":"wp","href":"https:\/\/api.w.org\/{rel}","templated":true}]}}