{"id":2882,"date":"2017-01-23T21:03:09","date_gmt":"2017-01-23T20:03:09","guid":{"rendered":"https:\/\/stineoester.dk\/veftre\/"},"modified":"2023-07-05T12:58:13","modified_gmt":"2023-07-05T10:58:13","slug":"veftre","status":"publish","type":"page","link":"https:\/\/stineoester.dk\/is\/veftre\/","title":{"rendered":"Veftr\u00e9"},"content":{"rendered":"<p>H\u00e9r getur \u00fe\u00fa b\u00e6tt vi\u00f0 s\u00e9rsni\u00f0num skilabo\u00f0um ef \u00fe\u00fa vilt &#8211; ef til vill skilgreina hvernig \u00e1 a\u00f0 nota vefkorti\u00f0 e\u00f0a gefa nokkrar gagnlegar t\u00f6lfr\u00e6\u00f0i. Stilltu \u00fe\u00edna eigin mynd og virkja\u00f0u hli\u00f0arstikuna ef \u00fe\u00fa vilt.<\/p>\n<p>Og sm\u00e1 uppl\u00fdsingar til a\u00f0 b\u00e6ta vi\u00f0 h\u00e9r.<\/p>\n","protected":false},"excerpt":{"rendered":"<p>H\u00e9r getur \u00fe\u00fa b\u00e6tt vi\u00f0 s\u00e9rsni\u00f0num skilabo\u00f0um ef \u00fe\u00fa vilt &#8211; ef til vill skilgreina hvernig \u00e1 a\u00f0 nota vefkorti\u00f0 e\u00f0a gefa nokkrar gagnlegar t\u00f6lfr\u00e6\u00f0i. Stilltu \u00fe\u00edna eigin mynd og virkja\u00f0u hli\u00f0arstikuna ef \u00fe\u00fa vilt. Og sm\u00e1 uppl\u00fdsingar til a\u00f0 b\u00e6ta vi\u00f0 h\u00e9r.<\/p>\n","protected":false},"author":1,"featured_media":0,"parent":0,"menu_order":0,"comment_status":"closed","ping_status":"closed","template":"sitemap.php","meta":{"footnotes":""},"class_list":["post-2882","page","type-page","status-publish"],"yoast_head":"<!-- This site is optimized with the Yoast SEO plugin v26.2 - https:\/\/yoast.com\/wordpress\/plugins\/seo\/ -->\n<title>Veftr\u00e9 - Stine \u00d8ster<\/title>\n<meta name=\"robots\" content=\"index, follow, max-snippet:-1, max-image-preview:large, max-video-preview:-1\" \/>\n<link rel=\"canonical\" href=\"https:\/\/stineoester.dk\/is\/?page_id=2882\" \/>\n<meta property=\"og:locale\" content=\"is_IS\" \/>\n<meta property=\"og:type\" content=\"article\" \/>\n<meta property=\"og:title\" content=\"Veftr\u00e9 - Stine \u00d8ster\" \/>\n<meta property=\"og:description\" content=\"H\u00e9r getur \u00fe\u00fa b\u00e6tt vi\u00f0 s\u00e9rsni\u00f0num skilabo\u00f0um ef \u00fe\u00fa vilt &#8211; ef til vill skilgreina hvernig \u00e1 a\u00f0 nota vefkorti\u00f0 e\u00f0a gefa nokkrar gagnlegar t\u00f6lfr\u00e6\u00f0i. Stilltu \u00fe\u00edna eigin mynd og virkja\u00f0u hli\u00f0arstikuna ef \u00fe\u00fa vilt. Og sm\u00e1 uppl\u00fdsingar til a\u00f0 b\u00e6ta vi\u00f0 h\u00e9r.\" \/>\n<meta property=\"og:url\" content=\"https:\/\/stineoester.dk\/is\/?page_id=2882\" \/>\n<meta property=\"og:site_name\" content=\"Stine \u00d8ster\" \/>\n<meta property=\"article:modified_time\" content=\"2023-07-05T10:58:13+00:00\" \/>\n<meta name=\"twitter:card\" content=\"summary_large_image\" \/>\n<!-- \/ Yoast SEO plugin. -->","yoast_head_json":{"title":"Veftr\u00e9 - Stine \u00d8ster","robots":{"index":"index","follow":"follow","max-snippet":"max-snippet:-1","max-image-preview":"max-image-preview:large","max-video-preview":"max-video-preview:-1"},"canonical":"https:\/\/stineoester.dk\/is\/?page_id=2882","og_locale":"is_IS","og_type":"article","og_title":"Veftr\u00e9 - Stine \u00d8ster","og_description":"H\u00e9r getur \u00fe\u00fa b\u00e6tt vi\u00f0 s\u00e9rsni\u00f0num skilabo\u00f0um ef \u00fe\u00fa vilt &#8211; ef til vill skilgreina hvernig \u00e1 a\u00f0 nota vefkorti\u00f0 e\u00f0a gefa nokkrar gagnlegar t\u00f6lfr\u00e6\u00f0i. Stilltu \u00fe\u00edna eigin mynd og virkja\u00f0u hli\u00f0arstikuna ef \u00fe\u00fa vilt. Og sm\u00e1 uppl\u00fdsingar til a\u00f0 b\u00e6ta vi\u00f0 h\u00e9r.","og_url":"https:\/\/stineoester.dk\/is\/?page_id=2882","og_site_name":"Stine \u00d8ster","article_modified_time":"2023-07-05T10:58:13+00:00","twitter_card":"summary_large_image","schema":{"@context":"https:\/\/schema.org","@graph":[{"@type":"WebPage","@id":"https:\/\/stineoester.dk\/is\/?page_id=2882","url":"https:\/\/stineoester.dk\/is\/?page_id=2882","name":"Veftr\u00e9 - Stine \u00d8ster","isPartOf":{"@id":"https:\/\/stineoester.dk\/#website"},"datePublished":"2017-01-23T20:03:09+00:00","dateModified":"2023-07-05T10:58:13+00:00","breadcrumb":{"@id":"https:\/\/stineoester.dk\/is\/?page_id=2882#breadcrumb"},"inLanguage":"is","potentialAction":[{"@type":"ReadAction","target":["https:\/\/stineoester.dk\/is\/?page_id=2882"]}]},{"@type":"BreadcrumbList","@id":"https:\/\/stineoester.dk\/is\/?page_id=2882#breadcrumb","itemListElement":[{"@type":"ListItem","position":1,"name":"Hjem","item":"https:\/\/stineoester.dk\/"},{"@type":"ListItem","position":2,"name":"Veftr\u00e9"}]},{"@type":"WebSite","@id":"https:\/\/stineoester.dk\/#website","url":"https:\/\/stineoester.dk\/","name":"Stine \u00d8ster","description":"Strikkeopskrifter - Stines blog om strik","publisher":{"@id":"https:\/\/stineoester.dk\/#\/schema\/person\/9ce68975ea36c5ac4ffb7f635e8218b4"},"potentialAction":[{"@type":"SearchAction","target":{"@type":"EntryPoint","urlTemplate":"https:\/\/stineoester.dk\/?s={search_term_string}"},"query-input":{"@type":"PropertyValueSpecification","valueRequired":true,"valueName":"search_term_string"}}],"inLanguage":"is"},{"@type":["Person","Organization"],"@id":"https:\/\/stineoester.dk\/#\/schema\/person\/9ce68975ea36c5ac4ffb7f635e8218b4","name":"Strikkeekspert Stine \u00d8ster","image":{"@type":"ImageObject","inLanguage":"is","@id":"https:\/\/stineoester.dk\/#\/schema\/person\/image\/","url":"https:\/\/secure.gravatar.com\/avatar\/718dbfa699c0532ae1388c47d14d3e88aa2538bdeda14da97fc5e129d552931d?s=96&d=mm&r=g","contentUrl":"https:\/\/secure.gravatar.com\/avatar\/718dbfa699c0532ae1388c47d14d3e88aa2538bdeda14da97fc5e129d552931d?s=96&d=mm&r=g","caption":"Strikkeekspert Stine \u00d8ster"},"logo":{"@id":"https:\/\/stineoester.dk\/#\/schema\/person\/image\/"},"description":"Stine har strikket siden hun var blot 4 \u00e5r gammel. Hun l\u00e6rte det af sin mormor og har siden ikke kunne slippe strikket\u00f8jet. De f\u00f8rste mange \u00e5r var det blot en hobby at strikke, selvom det er blevet til mange hundrede opskrifter var det f\u00f8rst i 2010 at hun for alvor begyndte at designe professionelt. Siden er det blevet til mange dusin opskrifter i alle former og farver. Stine har designet alt fra karklude til nogle af de mest strikkede modeller i Danmark. Rome Ponchoen er Stines mest strikkede opskrift. Igennem \u00e5rene er der solgt mere end 1000 opskrifter af denne model. I det hele taget er en Poncho noget af det som Stine ynder at strikke. Det er blevet til flere meget strikkede emodeller. Herunder Putte Poncho og den s\u00e5kaldte Charlotte Poncho, som hun strikkede til hende da Charlotte Roest blev valgt ind i byr\u00e5det. R\u00e5dgivning Stine har igennem webshoppen filato.dk, der nu fungerer alene som strikkeblog samt i hendes fysiske forretning i Pr\u00e6st\u00f8, brugt sine evner til at r\u00e5dgive kunder hver eneste dag. Den professionelle tilgang til garn og opskrifter har hjulpet mange mennesker fra hele Danmark I 2018 valgte Stine at lukke sin fysiske forretning og g\u00e5 100% ind p\u00e5 strikke designs F\u00e5 ekspert hj\u00e6lp N\u00e5r man designer s\u00e5 meget som Stine har gjort, s\u00e5 kan det naturligvis v\u00e6re en udfordring at kunne hj\u00e6lpe alle. Hun g\u00f8r sit ypperste og s\u00e6rligt i Facebook gruppen kan du f\u00e5 hj\u00e6lp. Skulle du st\u00f8de ind i problemer kan Stine ogs\u00e5 hj\u00e6lpe dig ved at du skriver her. Enten som kommentar til opskriften eller ved at kontakte hende direkte. Vil du have Stines opskrifter? Du kan enten k\u00f8be dem p\u00e5 ravelry.com eller her p\u00e5 siden under K\u00f8be opskrifter Du kan f\u00f8lge Stine p\u00e5 de sociale medier her - LinkedIn - Facebook - Instagram"}]}},"_links":{"self":[{"href":"https:\/\/stineoester.dk\/is\/wp-json\/wp\/v2\/pages\/2882","targetHints":{"allow":["GET"]}}],"collection":[{"href":"https:\/\/stineoester.dk\/is\/wp-json\/wp\/v2\/pages"}],"about":[{"href":"https:\/\/stineoester.dk\/is\/wp-json\/wp\/v2\/types\/page"}],"author":[{"embeddable":true,"href":"https:\/\/stineoester.dk\/is\/wp-json\/wp\/v2\/users\/1"}],"replies":[{"embeddable":true,"href":"https:\/\/stineoester.dk\/is\/wp-json\/wp\/v2\/comments?post=2882"}],"version-history":[{"count":1,"href":"https:\/\/stineoester.dk\/is\/wp-json\/wp\/v2\/pages\/2882\/revisions"}],"predecessor-version":[{"id":2885,"href":"https:\/\/stineoester.dk\/is\/wp-json\/wp\/v2\/pages\/2882\/revisions\/2885"}],"wp:attachment":[{"href":"https:\/\/stineoester.dk\/is\/wp-json\/wp\/v2\/media?parent=2882"}],"curies":[{"name":"wp","href":"https:\/\/api.w.org\/{rel}","templated":true}]}}