{"id":3323,"date":"2017-12-08T14:08:00","date_gmt":"2017-12-08T13:08:00","guid":{"rendered":"https:\/\/stineoester.dk\/politique-des-donnees\/"},"modified":"2023-07-05T12:59:51","modified_gmt":"2023-07-05T10:59:51","slug":"politique-des-donnees","status":"publish","type":"page","link":"https:\/\/stineoester.dk\/fr\/politique-des-donnees\/","title":{"rendered":"Politique des donn\u00e9es"},"content":{"rendered":"<p>Les informations personnelles enregistr\u00e9es sur stineoester.dk ne seront \u00e0 aucun moment transf\u00e9r\u00e9es, vendues ou mises \u00e0 la disposition de tiers. Toutes les informations sont stock\u00e9es en toute s\u00e9curit\u00e9 dans le centre de donn\u00e9es et ne sont accessibles qu&#8217;aux employ\u00e9s de confiance. Les informations sont collect\u00e9es uniquement dans le but de traiter votre commande et si vous avez choisi de recevoir plus d&#8217;informations sur les produits de stineoester.dk.<\/p>\n<p>Pour tout paiement \u00e9lectronique, une m\u00e9thode s\u00e9curis\u00e9e et crypt\u00e9e est utilis\u00e9e par le biais de la boutique. Il s&#8217;agit d&#8217;un prestataire agr\u00e9\u00e9 ayant re\u00e7u l&#8217;autorisation du PBS.<\/p>\n<p>Lors d&#8217;un achat, nous vous demandons votre nom, votre adresse, votre num\u00e9ro de t\u00e9l\u00e9phone et votre adresse \u00e9lectronique. Ces informations sont utilis\u00e9es uniquement pour le traitement de la commande. Les informations sont transmises et stock\u00e9es \u00e9lectroniquement sous forme non crypt\u00e9e et conserv\u00e9es pendant 5 ans. Le &#8220;contrat&#8221; (accord d&#8217;achat) lui-m\u00eame n&#8217;est pas stock\u00e9 sur stineoester.dk d&#8217;une mani\u00e8re qui vous permette de vous connecter ult\u00e9rieurement et de consulter\/modifier le statut.<\/p>\n<p>Nous enregistrons l&#8217;adresse IP \u00e0 partir de laquelle les achats sont effectu\u00e9s. Les informations ne sont g\u00e9n\u00e9ralement pas applicables, mais elles peuvent \u00eatre utilis\u00e9es dans le cadre d&#8217;une \u00e9ventuelle enqu\u00eate polici\u00e8re. Toutes les commandes frauduleuses sont signal\u00e9es \u00e0 la police !<\/p>\n<p>Vous pouvez \u00e9galement choisir d&#8217;inclure votre adresse \u00e9lectronique dans le bulletin d&#8217;information de stineoester.dk, afin de recevoir r\u00e9guli\u00e8rement des nouvelles et d&#8217;autres informations de stineoester.dk. Ce service peut \u00eatre souscrit et d\u00e9sabonn\u00e9 \u00e0 tout moment.<\/p>\n<p>Conform\u00e9ment \u00e0 la loi danoise sur les donn\u00e9es personnelles, nous fournissons sur demande des informations sur les donn\u00e9es enregistr\u00e9es et, sur la base d&#8217;\u00e9ventuelles objections, nous supprimons les donn\u00e9es dans la mesure souhait\u00e9e.<\/p>\n","protected":false},"excerpt":{"rendered":"<p>Les informations personnelles enregistr\u00e9es sur stineoester.dk ne seront \u00e0 aucun moment transf\u00e9r\u00e9es, vendues ou mises \u00e0 la disposition de tiers. Toutes les informations sont stock\u00e9es en toute s\u00e9curit\u00e9 dans le centre de donn\u00e9es et ne sont accessibles qu&#8217;aux employ\u00e9s de confiance. Les informations sont collect\u00e9es uniquement dans le but de traiter votre commande et si<\/p>\n","protected":false},"author":1,"featured_media":0,"parent":0,"menu_order":0,"comment_status":"closed","ping_status":"closed","template":"","meta":{"footnotes":""},"class_list":["post-3323","page","type-page","status-publish"],"yoast_head":"<!-- This site is optimized with the Yoast SEO plugin v26.2 - https:\/\/yoast.com\/wordpress\/plugins\/seo\/ -->\n<title>Politique des donn\u00e9es - Stine \u00d8ster<\/title>\n<meta name=\"robots\" content=\"index, follow, max-snippet:-1, max-image-preview:large, max-video-preview:-1\" \/>\n<link rel=\"canonical\" href=\"https:\/\/stineoester.dk\/fr\/?page_id=3323\" \/>\n<meta property=\"og:locale\" content=\"fr_FR\" \/>\n<meta property=\"og:type\" content=\"article\" \/>\n<meta property=\"og:title\" content=\"Politique des donn\u00e9es - Stine \u00d8ster\" \/>\n<meta property=\"og:description\" content=\"Les informations personnelles enregistr\u00e9es sur stineoester.dk ne seront \u00e0 aucun moment transf\u00e9r\u00e9es, vendues ou mises \u00e0 la disposition de tiers. Toutes les informations sont stock\u00e9es en toute s\u00e9curit\u00e9 dans le centre de donn\u00e9es et ne sont accessibles qu&#8217;aux employ\u00e9s de confiance. Les informations sont collect\u00e9es uniquement dans le but de traiter votre commande et si\" \/>\n<meta property=\"og:url\" content=\"https:\/\/stineoester.dk\/fr\/?page_id=3323\" \/>\n<meta property=\"og:site_name\" content=\"Stine \u00d8ster\" \/>\n<meta property=\"article:modified_time\" content=\"2023-07-05T10:59:51+00:00\" \/>\n<meta name=\"twitter:card\" content=\"summary_large_image\" \/>\n<meta name=\"twitter:label1\" content=\"Dur\u00e9e de lecture estim\u00e9e\" \/>\n\t<meta name=\"twitter:data1\" content=\"2 minutes\" \/>\n<!-- \/ Yoast SEO plugin. -->","yoast_head_json":{"title":"Politique des donn\u00e9es - Stine \u00d8ster","robots":{"index":"index","follow":"follow","max-snippet":"max-snippet:-1","max-image-preview":"max-image-preview:large","max-video-preview":"max-video-preview:-1"},"canonical":"https:\/\/stineoester.dk\/fr\/?page_id=3323","og_locale":"fr_FR","og_type":"article","og_title":"Politique des donn\u00e9es - Stine \u00d8ster","og_description":"Les informations personnelles enregistr\u00e9es sur stineoester.dk ne seront \u00e0 aucun moment transf\u00e9r\u00e9es, vendues ou mises \u00e0 la disposition de tiers. Toutes les informations sont stock\u00e9es en toute s\u00e9curit\u00e9 dans le centre de donn\u00e9es et ne sont accessibles qu&#8217;aux employ\u00e9s de confiance. Les informations sont collect\u00e9es uniquement dans le but de traiter votre commande et si","og_url":"https:\/\/stineoester.dk\/fr\/?page_id=3323","og_site_name":"Stine \u00d8ster","article_modified_time":"2023-07-05T10:59:51+00:00","twitter_card":"summary_large_image","twitter_misc":{"Dur\u00e9e de lecture estim\u00e9e":"2 minutes"},"schema":{"@context":"https:\/\/schema.org","@graph":[{"@type":"WebPage","@id":"https:\/\/stineoester.dk\/fr\/?page_id=3323","url":"https:\/\/stineoester.dk\/fr\/?page_id=3323","name":"Politique des donn\u00e9es - Stine \u00d8ster","isPartOf":{"@id":"https:\/\/stineoester.dk\/#website"},"datePublished":"2017-12-08T13:08:00+00:00","dateModified":"2023-07-05T10:59:51+00:00","breadcrumb":{"@id":"https:\/\/stineoester.dk\/fr\/?page_id=3323#breadcrumb"},"inLanguage":"fr-FR","potentialAction":[{"@type":"ReadAction","target":["https:\/\/stineoester.dk\/fr\/?page_id=3323"]}]},{"@type":"BreadcrumbList","@id":"https:\/\/stineoester.dk\/fr\/?page_id=3323#breadcrumb","itemListElement":[{"@type":"ListItem","position":1,"name":"Hjem","item":"https:\/\/stineoester.dk\/"},{"@type":"ListItem","position":2,"name":"Politique des donn\u00e9es"}]},{"@type":"WebSite","@id":"https:\/\/stineoester.dk\/#website","url":"https:\/\/stineoester.dk\/","name":"Stine \u00d8ster","description":"Strikkeopskrifter - Stines blog om strik","publisher":{"@id":"https:\/\/stineoester.dk\/#\/schema\/person\/9ce68975ea36c5ac4ffb7f635e8218b4"},"potentialAction":[{"@type":"SearchAction","target":{"@type":"EntryPoint","urlTemplate":"https:\/\/stineoester.dk\/?s={search_term_string}"},"query-input":{"@type":"PropertyValueSpecification","valueRequired":true,"valueName":"search_term_string"}}],"inLanguage":"fr-FR"},{"@type":["Person","Organization"],"@id":"https:\/\/stineoester.dk\/#\/schema\/person\/9ce68975ea36c5ac4ffb7f635e8218b4","name":"Strikkeekspert Stine \u00d8ster","image":{"@type":"ImageObject","inLanguage":"fr-FR","@id":"https:\/\/stineoester.dk\/#\/schema\/person\/image\/","url":"https:\/\/secure.gravatar.com\/avatar\/718dbfa699c0532ae1388c47d14d3e88aa2538bdeda14da97fc5e129d552931d?s=96&d=mm&r=g","contentUrl":"https:\/\/secure.gravatar.com\/avatar\/718dbfa699c0532ae1388c47d14d3e88aa2538bdeda14da97fc5e129d552931d?s=96&d=mm&r=g","caption":"Strikkeekspert Stine \u00d8ster"},"logo":{"@id":"https:\/\/stineoester.dk\/#\/schema\/person\/image\/"},"description":"Stine har strikket siden hun var blot 4 \u00e5r gammel. Hun l\u00e6rte det af sin mormor og har siden ikke kunne slippe strikket\u00f8jet. De f\u00f8rste mange \u00e5r var det blot en hobby at strikke, selvom det er blevet til mange hundrede opskrifter var det f\u00f8rst i 2010 at hun for alvor begyndte at designe professionelt. Siden er det blevet til mange dusin opskrifter i alle former og farver. Stine har designet alt fra karklude til nogle af de mest strikkede modeller i Danmark. Rome Ponchoen er Stines mest strikkede opskrift. Igennem \u00e5rene er der solgt mere end 1000 opskrifter af denne model. I det hele taget er en Poncho noget af det som Stine ynder at strikke. Det er blevet til flere meget strikkede emodeller. Herunder Putte Poncho og den s\u00e5kaldte Charlotte Poncho, som hun strikkede til hende da Charlotte Roest blev valgt ind i byr\u00e5det. R\u00e5dgivning Stine har igennem webshoppen filato.dk, der nu fungerer alene som strikkeblog samt i hendes fysiske forretning i Pr\u00e6st\u00f8, brugt sine evner til at r\u00e5dgive kunder hver eneste dag. Den professionelle tilgang til garn og opskrifter har hjulpet mange mennesker fra hele Danmark I 2018 valgte Stine at lukke sin fysiske forretning og g\u00e5 100% ind p\u00e5 strikke designs F\u00e5 ekspert hj\u00e6lp N\u00e5r man designer s\u00e5 meget som Stine har gjort, s\u00e5 kan det naturligvis v\u00e6re en udfordring at kunne hj\u00e6lpe alle. Hun g\u00f8r sit ypperste og s\u00e6rligt i Facebook gruppen kan du f\u00e5 hj\u00e6lp. Skulle du st\u00f8de ind i problemer kan Stine ogs\u00e5 hj\u00e6lpe dig ved at du skriver her. Enten som kommentar til opskriften eller ved at kontakte hende direkte. Vil du have Stines opskrifter? Du kan enten k\u00f8be dem p\u00e5 ravelry.com eller her p\u00e5 siden under K\u00f8be opskrifter Du kan f\u00f8lge Stine p\u00e5 de sociale medier her - LinkedIn - Facebook - Instagram"}]}},"_links":{"self":[{"href":"https:\/\/stineoester.dk\/fr\/wp-json\/wp\/v2\/pages\/3323","targetHints":{"allow":["GET"]}}],"collection":[{"href":"https:\/\/stineoester.dk\/fr\/wp-json\/wp\/v2\/pages"}],"about":[{"href":"https:\/\/stineoester.dk\/fr\/wp-json\/wp\/v2\/types\/page"}],"author":[{"embeddable":true,"href":"https:\/\/stineoester.dk\/fr\/wp-json\/wp\/v2\/users\/1"}],"replies":[{"embeddable":true,"href":"https:\/\/stineoester.dk\/fr\/wp-json\/wp\/v2\/comments?post=3323"}],"version-history":[{"count":1,"href":"https:\/\/stineoester.dk\/fr\/wp-json\/wp\/v2\/pages\/3323\/revisions"}],"predecessor-version":[{"id":3324,"href":"https:\/\/stineoester.dk\/fr\/wp-json\/wp\/v2\/pages\/3323\/revisions\/3324"}],"wp:attachment":[{"href":"https:\/\/stineoester.dk\/fr\/wp-json\/wp\/v2\/media?parent=3323"}],"curies":[{"name":"wp","href":"https:\/\/api.w.org\/{rel}","templated":true}]}}