{"id":3335,"date":"2017-12-08T14:08:00","date_gmt":"2017-12-08T13:08:00","guid":{"rendered":"https:\/\/stineoester.dk\/tietopolitiikka\/"},"modified":"2023-07-05T12:59:52","modified_gmt":"2023-07-05T10:59:52","slug":"tietopolitiikka","status":"publish","type":"page","link":"https:\/\/stineoester.dk\/fi\/tietopolitiikka\/","title":{"rendered":"Tietopolitiikka"},"content":{"rendered":"<p>Stineoester.dk-sivustolle rekister\u00f6ityj\u00e4 henkil\u00f6tietoja ei miss\u00e4\u00e4n vaiheessa siirret\u00e4, myyd\u00e4 tai anneta kolmansien osapuolten k\u00e4ytt\u00f6\u00f6n. Kaikki tiedot s\u00e4ilytet\u00e4\u00e4n turvallisesti tietokeskuksessa, ja niihin on p\u00e4\u00e4sy vain luotetuilla ty\u00f6ntekij\u00f6ill\u00e4. Tietoja ker\u00e4t\u00e4\u00e4n ainoastaan tilauksesi k\u00e4sittely\u00e4 varten ja jos olet p\u00e4\u00e4tt\u00e4nyt saada lis\u00e4tietoja stineoester.dk:n tuotteista.<\/p>\n<p>Kaikkien s\u00e4hk\u00f6isten maksujen yhteydess\u00e4 kaupassa k\u00e4ytet\u00e4\u00e4n turvallista salattua menetelm\u00e4\u00e4. Se on hyv\u00e4ksytty palveluntarjoaja, jolla on PBS:n lupa.<\/p>\n<p>Oston yhteydess\u00e4 pyyd\u00e4mme nime\u00e4si, osoitettasi, puhelinnumeroasi ja s\u00e4hk\u00f6postiosoitettasi. N\u00e4it\u00e4 tietoja k\u00e4ytet\u00e4\u00e4n ainoastaan tilauksen k\u00e4sittelyyn. Tiedot siirret\u00e4\u00e4n ja tallennetaan s\u00e4hk\u00f6isesti salaamattomassa muodossa, ja niit\u00e4 s\u00e4ilytet\u00e4\u00e4n 5 vuotta. Itse &#8220;sopimusta&#8221; (ostosopimusta) ei tallenneta stineoester.dk-sivustolle siten, ett\u00e4 voisit my\u00f6hemmin kirjautua sis\u00e4\u00e4n ja tarkastella tai muuttaa sen tilaa.<\/p>\n<p>Rekister\u00f6imme IP-osoitteen, josta ostokset on tehty. Tietoja ei yleens\u00e4 voida k\u00e4ytt\u00e4\u00e4, mutta niit\u00e4 voidaan k\u00e4ytt\u00e4\u00e4 mahdollisessa poliisitutkinnassa. Kaikista vilpillisist\u00e4 tilauksista ilmoitetaan poliisille!<\/p>\n<p>Voit my\u00f6s halutessasi sis\u00e4llytt\u00e4\u00e4 s\u00e4hk\u00f6postiosoitteesi stineoester.dk:n uutiskirjeeseen, jolloin saat s\u00e4\u00e4nn\u00f6llisesti uutisia ja muuta tietoa stineoester.dk:sta. T\u00e4m\u00e4n palvelun voi tilata ja peruuttaa halutessaan milloin tahansa.<\/p>\n<p>Tanskan tietosuojalain mukaisesti annamme pyynn\u00f6st\u00e4 tietoja rekister\u00f6idyist\u00e4 tiedoista ja poistamme tiedot halutessamme ja mahdollisten vastalauseiden perusteella.<\/p>\n","protected":false},"excerpt":{"rendered":"<p>Stineoester.dk-sivustolle rekister\u00f6ityj\u00e4 henkil\u00f6tietoja ei miss\u00e4\u00e4n vaiheessa siirret\u00e4, myyd\u00e4 tai anneta kolmansien osapuolten k\u00e4ytt\u00f6\u00f6n. Kaikki tiedot s\u00e4ilytet\u00e4\u00e4n turvallisesti tietokeskuksessa, ja niihin on p\u00e4\u00e4sy vain luotetuilla ty\u00f6ntekij\u00f6ill\u00e4. Tietoja ker\u00e4t\u00e4\u00e4n ainoastaan tilauksesi k\u00e4sittely\u00e4 varten ja jos olet p\u00e4\u00e4tt\u00e4nyt saada lis\u00e4tietoja stineoester.dk:n tuotteista. Kaikkien s\u00e4hk\u00f6isten maksujen yhteydess\u00e4 kaupassa k\u00e4ytet\u00e4\u00e4n turvallista salattua menetelm\u00e4\u00e4. Se on hyv\u00e4ksytty palveluntarjoaja, jolla on PBS:n<\/p>\n","protected":false},"author":1,"featured_media":0,"parent":0,"menu_order":0,"comment_status":"closed","ping_status":"closed","template":"","meta":{"footnotes":""},"class_list":["post-3335","page","type-page","status-publish"],"yoast_head":"<!-- This site is optimized with the Yoast SEO plugin v26.2 - https:\/\/yoast.com\/wordpress\/plugins\/seo\/ -->\n<title>Tietopolitiikka - Stine \u00d8ster<\/title>\n<meta name=\"robots\" content=\"index, follow, max-snippet:-1, max-image-preview:large, max-video-preview:-1\" \/>\n<link rel=\"canonical\" href=\"https:\/\/stineoester.dk\/fi\/?page_id=3335\" \/>\n<meta property=\"og:locale\" content=\"fi_FI\" \/>\n<meta property=\"og:type\" content=\"article\" \/>\n<meta property=\"og:title\" content=\"Tietopolitiikka - Stine \u00d8ster\" \/>\n<meta property=\"og:description\" content=\"Stineoester.dk-sivustolle rekister\u00f6ityj\u00e4 henkil\u00f6tietoja ei miss\u00e4\u00e4n vaiheessa siirret\u00e4, myyd\u00e4 tai anneta kolmansien osapuolten k\u00e4ytt\u00f6\u00f6n. Kaikki tiedot s\u00e4ilytet\u00e4\u00e4n turvallisesti tietokeskuksessa, ja niihin on p\u00e4\u00e4sy vain luotetuilla ty\u00f6ntekij\u00f6ill\u00e4. Tietoja ker\u00e4t\u00e4\u00e4n ainoastaan tilauksesi k\u00e4sittely\u00e4 varten ja jos olet p\u00e4\u00e4tt\u00e4nyt saada lis\u00e4tietoja stineoester.dk:n tuotteista. Kaikkien s\u00e4hk\u00f6isten maksujen yhteydess\u00e4 kaupassa k\u00e4ytet\u00e4\u00e4n turvallista salattua menetelm\u00e4\u00e4. Se on hyv\u00e4ksytty palveluntarjoaja, jolla on PBS:n\" \/>\n<meta property=\"og:url\" content=\"https:\/\/stineoester.dk\/fi\/?page_id=3335\" \/>\n<meta property=\"og:site_name\" content=\"Stine \u00d8ster\" \/>\n<meta property=\"article:modified_time\" content=\"2023-07-05T10:59:52+00:00\" \/>\n<meta name=\"twitter:card\" content=\"summary_large_image\" \/>\n<meta name=\"twitter:label1\" content=\"Arvioitu lukuaika\" \/>\n\t<meta name=\"twitter:data1\" content=\"1 minuutti\" \/>\n<!-- \/ Yoast SEO plugin. -->","yoast_head_json":{"title":"Tietopolitiikka - Stine \u00d8ster","robots":{"index":"index","follow":"follow","max-snippet":"max-snippet:-1","max-image-preview":"max-image-preview:large","max-video-preview":"max-video-preview:-1"},"canonical":"https:\/\/stineoester.dk\/fi\/?page_id=3335","og_locale":"fi_FI","og_type":"article","og_title":"Tietopolitiikka - Stine \u00d8ster","og_description":"Stineoester.dk-sivustolle rekister\u00f6ityj\u00e4 henkil\u00f6tietoja ei miss\u00e4\u00e4n vaiheessa siirret\u00e4, myyd\u00e4 tai anneta kolmansien osapuolten k\u00e4ytt\u00f6\u00f6n. Kaikki tiedot s\u00e4ilytet\u00e4\u00e4n turvallisesti tietokeskuksessa, ja niihin on p\u00e4\u00e4sy vain luotetuilla ty\u00f6ntekij\u00f6ill\u00e4. Tietoja ker\u00e4t\u00e4\u00e4n ainoastaan tilauksesi k\u00e4sittely\u00e4 varten ja jos olet p\u00e4\u00e4tt\u00e4nyt saada lis\u00e4tietoja stineoester.dk:n tuotteista. Kaikkien s\u00e4hk\u00f6isten maksujen yhteydess\u00e4 kaupassa k\u00e4ytet\u00e4\u00e4n turvallista salattua menetelm\u00e4\u00e4. Se on hyv\u00e4ksytty palveluntarjoaja, jolla on PBS:n","og_url":"https:\/\/stineoester.dk\/fi\/?page_id=3335","og_site_name":"Stine \u00d8ster","article_modified_time":"2023-07-05T10:59:52+00:00","twitter_card":"summary_large_image","twitter_misc":{"Arvioitu lukuaika":"1 minuutti"},"schema":{"@context":"https:\/\/schema.org","@graph":[{"@type":"WebPage","@id":"https:\/\/stineoester.dk\/fi\/?page_id=3335","url":"https:\/\/stineoester.dk\/fi\/?page_id=3335","name":"Tietopolitiikka - Stine \u00d8ster","isPartOf":{"@id":"https:\/\/stineoester.dk\/#website"},"datePublished":"2017-12-08T13:08:00+00:00","dateModified":"2023-07-05T10:59:52+00:00","breadcrumb":{"@id":"https:\/\/stineoester.dk\/fi\/?page_id=3335#breadcrumb"},"inLanguage":"fi","potentialAction":[{"@type":"ReadAction","target":["https:\/\/stineoester.dk\/fi\/?page_id=3335"]}]},{"@type":"BreadcrumbList","@id":"https:\/\/stineoester.dk\/fi\/?page_id=3335#breadcrumb","itemListElement":[{"@type":"ListItem","position":1,"name":"Hjem","item":"https:\/\/stineoester.dk\/"},{"@type":"ListItem","position":2,"name":"Tietopolitiikka"}]},{"@type":"WebSite","@id":"https:\/\/stineoester.dk\/#website","url":"https:\/\/stineoester.dk\/","name":"Stine \u00d8ster","description":"Strikkeopskrifter - Stines blog om strik","publisher":{"@id":"https:\/\/stineoester.dk\/#\/schema\/person\/9ce68975ea36c5ac4ffb7f635e8218b4"},"potentialAction":[{"@type":"SearchAction","target":{"@type":"EntryPoint","urlTemplate":"https:\/\/stineoester.dk\/?s={search_term_string}"},"query-input":{"@type":"PropertyValueSpecification","valueRequired":true,"valueName":"search_term_string"}}],"inLanguage":"fi"},{"@type":["Person","Organization"],"@id":"https:\/\/stineoester.dk\/#\/schema\/person\/9ce68975ea36c5ac4ffb7f635e8218b4","name":"Strikkeekspert Stine \u00d8ster","image":{"@type":"ImageObject","inLanguage":"fi","@id":"https:\/\/stineoester.dk\/#\/schema\/person\/image\/","url":"https:\/\/secure.gravatar.com\/avatar\/718dbfa699c0532ae1388c47d14d3e88aa2538bdeda14da97fc5e129d552931d?s=96&d=mm&r=g","contentUrl":"https:\/\/secure.gravatar.com\/avatar\/718dbfa699c0532ae1388c47d14d3e88aa2538bdeda14da97fc5e129d552931d?s=96&d=mm&r=g","caption":"Strikkeekspert Stine \u00d8ster"},"logo":{"@id":"https:\/\/stineoester.dk\/#\/schema\/person\/image\/"},"description":"Stine har strikket siden hun var blot 4 \u00e5r gammel. Hun l\u00e6rte det af sin mormor og har siden ikke kunne slippe strikket\u00f8jet. De f\u00f8rste mange \u00e5r var det blot en hobby at strikke, selvom det er blevet til mange hundrede opskrifter var det f\u00f8rst i 2010 at hun for alvor begyndte at designe professionelt. Siden er det blevet til mange dusin opskrifter i alle former og farver. Stine har designet alt fra karklude til nogle af de mest strikkede modeller i Danmark. Rome Ponchoen er Stines mest strikkede opskrift. Igennem \u00e5rene er der solgt mere end 1000 opskrifter af denne model. I det hele taget er en Poncho noget af det som Stine ynder at strikke. Det er blevet til flere meget strikkede emodeller. Herunder Putte Poncho og den s\u00e5kaldte Charlotte Poncho, som hun strikkede til hende da Charlotte Roest blev valgt ind i byr\u00e5det. R\u00e5dgivning Stine har igennem webshoppen filato.dk, der nu fungerer alene som strikkeblog samt i hendes fysiske forretning i Pr\u00e6st\u00f8, brugt sine evner til at r\u00e5dgive kunder hver eneste dag. Den professionelle tilgang til garn og opskrifter har hjulpet mange mennesker fra hele Danmark I 2018 valgte Stine at lukke sin fysiske forretning og g\u00e5 100% ind p\u00e5 strikke designs F\u00e5 ekspert hj\u00e6lp N\u00e5r man designer s\u00e5 meget som Stine har gjort, s\u00e5 kan det naturligvis v\u00e6re en udfordring at kunne hj\u00e6lpe alle. Hun g\u00f8r sit ypperste og s\u00e6rligt i Facebook gruppen kan du f\u00e5 hj\u00e6lp. Skulle du st\u00f8de ind i problemer kan Stine ogs\u00e5 hj\u00e6lpe dig ved at du skriver her. Enten som kommentar til opskriften eller ved at kontakte hende direkte. Vil du have Stines opskrifter? Du kan enten k\u00f8be dem p\u00e5 ravelry.com eller her p\u00e5 siden under K\u00f8be opskrifter Du kan f\u00f8lge Stine p\u00e5 de sociale medier her - LinkedIn - Facebook - Instagram"}]}},"_links":{"self":[{"href":"https:\/\/stineoester.dk\/fi\/wp-json\/wp\/v2\/pages\/3335","targetHints":{"allow":["GET"]}}],"collection":[{"href":"https:\/\/stineoester.dk\/fi\/wp-json\/wp\/v2\/pages"}],"about":[{"href":"https:\/\/stineoester.dk\/fi\/wp-json\/wp\/v2\/types\/page"}],"author":[{"embeddable":true,"href":"https:\/\/stineoester.dk\/fi\/wp-json\/wp\/v2\/users\/1"}],"replies":[{"embeddable":true,"href":"https:\/\/stineoester.dk\/fi\/wp-json\/wp\/v2\/comments?post=3335"}],"version-history":[{"count":1,"href":"https:\/\/stineoester.dk\/fi\/wp-json\/wp\/v2\/pages\/3335\/revisions"}],"predecessor-version":[{"id":3336,"href":"https:\/\/stineoester.dk\/fi\/wp-json\/wp\/v2\/pages\/3335\/revisions\/3336"}],"wp:attachment":[{"href":"https:\/\/stineoester.dk\/fi\/wp-json\/wp\/v2\/media?parent=3335"}],"curies":[{"name":"wp","href":"https:\/\/api.w.org\/{rel}","templated":true}]}}