{"id":3315,"date":"2017-12-08T14:08:00","date_gmt":"2017-12-08T13:08:00","guid":{"rendered":"https:\/\/stineoester.dk\/politica-de-datos\/"},"modified":"2023-07-05T12:59:48","modified_gmt":"2023-07-05T10:59:48","slug":"politica-de-datos","status":"publish","type":"page","link":"https:\/\/stineoester.dk\/es\/politica-de-datos\/","title":{"rendered":"Pol\u00edtica de datos"},"content":{"rendered":"<p>Ninguna informaci\u00f3n personal registrada en stineoester.dk ser\u00e1 en ning\u00fan momento transferida, vendida o puesta a disposici\u00f3n de terceros. Toda la informaci\u00f3n se almacena de forma segura en el Centro de Datos y s\u00f3lo tienen acceso a ella los empleados de confianza. La informaci\u00f3n se recopila \u00fanicamente con el fin de procesar su pedido y si ha optado por recibir m\u00e1s informaci\u00f3n sobre los productos de stineoester.dk.<\/p>\n<p>En relaci\u00f3n con cualquier pago electr\u00f3nico, se utiliza un m\u00e9todo cifrado seguro a trav\u00e9s de la tienda. Es un proveedor homologado con autorizaci\u00f3n del PBS.<\/p>\n<p>Durante una compra, le pedimos su nombre, direcci\u00f3n, n\u00famero de tel\u00e9fono y direcci\u00f3n de correo electr\u00f3nico. Esta informaci\u00f3n se utiliza \u00fanicamente para tramitar el pedido. La informaci\u00f3n se transmite y almacena electr\u00f3nicamente de forma no cifrada y se conserva durante 5 a\u00f1os. El &#8220;contrato&#8221; (acuerdo de compra) en s\u00ed no se almacena en stineoester.dk de forma que le permita iniciar sesi\u00f3n m\u00e1s tarde y ver\/cambiar el estado.<\/p>\n<p>Registramos la direcci\u00f3n IP desde la que se realizan las compras. La informaci\u00f3n no suele ser aplicable, pero puede utilizarse en una posible investigaci\u00f3n policial. Todos los pedidos fraudulentos se denuncian a la polic\u00eda.<\/p>\n<p>Tambi\u00e9n puede incluir opcionalmente su direcci\u00f3n de correo electr\u00f3nico en el bolet\u00edn de noticias de stineoester.dk, para recibir regularmente noticias y otra informaci\u00f3n de stineoester.dk. Este servicio puede suscribirse y darse de baja en cualquier momento.<\/p>\n<p>De conformidad con la Ley danesa de Datos Personales, proporcionamos informaci\u00f3n sobre los datos registrados previa solicitud y, bas\u00e1ndonos en cualquier objeci\u00f3n, suprimimos los datos en la medida deseada.<\/p>\n","protected":false},"excerpt":{"rendered":"<p>Ninguna informaci\u00f3n personal registrada en stineoester.dk ser\u00e1 en ning\u00fan momento transferida, vendida o puesta a disposici\u00f3n de terceros. Toda la informaci\u00f3n se almacena de forma segura en el Centro de Datos y s\u00f3lo tienen acceso a ella los empleados de confianza. La informaci\u00f3n se recopila \u00fanicamente con el fin de procesar su pedido y si<\/p>\n","protected":false},"author":1,"featured_media":0,"parent":0,"menu_order":0,"comment_status":"closed","ping_status":"closed","template":"","meta":{"footnotes":""},"class_list":["post-3315","page","type-page","status-publish"],"yoast_head":"<!-- This site is optimized with the Yoast SEO plugin v26.2 - https:\/\/yoast.com\/wordpress\/plugins\/seo\/ -->\n<title>Pol\u00edtica de datos - Stine \u00d8ster<\/title>\n<meta name=\"robots\" content=\"index, follow, max-snippet:-1, max-image-preview:large, max-video-preview:-1\" \/>\n<link rel=\"canonical\" href=\"https:\/\/stineoester.dk\/es\/?page_id=3315\" \/>\n<meta property=\"og:locale\" content=\"es_ES\" \/>\n<meta property=\"og:type\" content=\"article\" \/>\n<meta property=\"og:title\" content=\"Pol\u00edtica de datos - Stine \u00d8ster\" \/>\n<meta property=\"og:description\" content=\"Ninguna informaci\u00f3n personal registrada en stineoester.dk ser\u00e1 en ning\u00fan momento transferida, vendida o puesta a disposici\u00f3n de terceros. Toda la informaci\u00f3n se almacena de forma segura en el Centro de Datos y s\u00f3lo tienen acceso a ella los empleados de confianza. La informaci\u00f3n se recopila \u00fanicamente con el fin de procesar su pedido y si\" \/>\n<meta property=\"og:url\" content=\"https:\/\/stineoester.dk\/es\/?page_id=3315\" \/>\n<meta property=\"og:site_name\" content=\"Stine \u00d8ster\" \/>\n<meta property=\"article:modified_time\" content=\"2023-07-05T10:59:48+00:00\" \/>\n<meta name=\"twitter:card\" content=\"summary_large_image\" \/>\n<meta name=\"twitter:label1\" content=\"Tiempo de lectura\" \/>\n\t<meta name=\"twitter:data1\" content=\"1 minuto\" \/>\n<!-- \/ Yoast SEO plugin. -->","yoast_head_json":{"title":"Pol\u00edtica de datos - Stine \u00d8ster","robots":{"index":"index","follow":"follow","max-snippet":"max-snippet:-1","max-image-preview":"max-image-preview:large","max-video-preview":"max-video-preview:-1"},"canonical":"https:\/\/stineoester.dk\/es\/?page_id=3315","og_locale":"es_ES","og_type":"article","og_title":"Pol\u00edtica de datos - Stine \u00d8ster","og_description":"Ninguna informaci\u00f3n personal registrada en stineoester.dk ser\u00e1 en ning\u00fan momento transferida, vendida o puesta a disposici\u00f3n de terceros. Toda la informaci\u00f3n se almacena de forma segura en el Centro de Datos y s\u00f3lo tienen acceso a ella los empleados de confianza. La informaci\u00f3n se recopila \u00fanicamente con el fin de procesar su pedido y si","og_url":"https:\/\/stineoester.dk\/es\/?page_id=3315","og_site_name":"Stine \u00d8ster","article_modified_time":"2023-07-05T10:59:48+00:00","twitter_card":"summary_large_image","twitter_misc":{"Tiempo de lectura":"1 minuto"},"schema":{"@context":"https:\/\/schema.org","@graph":[{"@type":"WebPage","@id":"https:\/\/stineoester.dk\/es\/?page_id=3315","url":"https:\/\/stineoester.dk\/es\/?page_id=3315","name":"Pol\u00edtica de datos - Stine \u00d8ster","isPartOf":{"@id":"https:\/\/stineoester.dk\/#website"},"datePublished":"2017-12-08T13:08:00+00:00","dateModified":"2023-07-05T10:59:48+00:00","breadcrumb":{"@id":"https:\/\/stineoester.dk\/es\/?page_id=3315#breadcrumb"},"inLanguage":"es","potentialAction":[{"@type":"ReadAction","target":["https:\/\/stineoester.dk\/es\/?page_id=3315"]}]},{"@type":"BreadcrumbList","@id":"https:\/\/stineoester.dk\/es\/?page_id=3315#breadcrumb","itemListElement":[{"@type":"ListItem","position":1,"name":"Hjem","item":"https:\/\/stineoester.dk\/"},{"@type":"ListItem","position":2,"name":"Pol\u00edtica de datos"}]},{"@type":"WebSite","@id":"https:\/\/stineoester.dk\/#website","url":"https:\/\/stineoester.dk\/","name":"Stine \u00d8ster","description":"Strikkeopskrifter - Stines blog om strik","publisher":{"@id":"https:\/\/stineoester.dk\/#\/schema\/person\/9ce68975ea36c5ac4ffb7f635e8218b4"},"potentialAction":[{"@type":"SearchAction","target":{"@type":"EntryPoint","urlTemplate":"https:\/\/stineoester.dk\/?s={search_term_string}"},"query-input":{"@type":"PropertyValueSpecification","valueRequired":true,"valueName":"search_term_string"}}],"inLanguage":"es"},{"@type":["Person","Organization"],"@id":"https:\/\/stineoester.dk\/#\/schema\/person\/9ce68975ea36c5ac4ffb7f635e8218b4","name":"Strikkeekspert Stine \u00d8ster","image":{"@type":"ImageObject","inLanguage":"es","@id":"https:\/\/stineoester.dk\/#\/schema\/person\/image\/","url":"https:\/\/secure.gravatar.com\/avatar\/718dbfa699c0532ae1388c47d14d3e88aa2538bdeda14da97fc5e129d552931d?s=96&d=mm&r=g","contentUrl":"https:\/\/secure.gravatar.com\/avatar\/718dbfa699c0532ae1388c47d14d3e88aa2538bdeda14da97fc5e129d552931d?s=96&d=mm&r=g","caption":"Strikkeekspert Stine \u00d8ster"},"logo":{"@id":"https:\/\/stineoester.dk\/#\/schema\/person\/image\/"},"description":"Stine har strikket siden hun var blot 4 \u00e5r gammel. Hun l\u00e6rte det af sin mormor og har siden ikke kunne slippe strikket\u00f8jet. De f\u00f8rste mange \u00e5r var det blot en hobby at strikke, selvom det er blevet til mange hundrede opskrifter var det f\u00f8rst i 2010 at hun for alvor begyndte at designe professionelt. Siden er det blevet til mange dusin opskrifter i alle former og farver. Stine har designet alt fra karklude til nogle af de mest strikkede modeller i Danmark. Rome Ponchoen er Stines mest strikkede opskrift. Igennem \u00e5rene er der solgt mere end 1000 opskrifter af denne model. I det hele taget er en Poncho noget af det som Stine ynder at strikke. Det er blevet til flere meget strikkede emodeller. Herunder Putte Poncho og den s\u00e5kaldte Charlotte Poncho, som hun strikkede til hende da Charlotte Roest blev valgt ind i byr\u00e5det. R\u00e5dgivning Stine har igennem webshoppen filato.dk, der nu fungerer alene som strikkeblog samt i hendes fysiske forretning i Pr\u00e6st\u00f8, brugt sine evner til at r\u00e5dgive kunder hver eneste dag. Den professionelle tilgang til garn og opskrifter har hjulpet mange mennesker fra hele Danmark I 2018 valgte Stine at lukke sin fysiske forretning og g\u00e5 100% ind p\u00e5 strikke designs F\u00e5 ekspert hj\u00e6lp N\u00e5r man designer s\u00e5 meget som Stine har gjort, s\u00e5 kan det naturligvis v\u00e6re en udfordring at kunne hj\u00e6lpe alle. Hun g\u00f8r sit ypperste og s\u00e6rligt i Facebook gruppen kan du f\u00e5 hj\u00e6lp. Skulle du st\u00f8de ind i problemer kan Stine ogs\u00e5 hj\u00e6lpe dig ved at du skriver her. Enten som kommentar til opskriften eller ved at kontakte hende direkte. Vil du have Stines opskrifter? Du kan enten k\u00f8be dem p\u00e5 ravelry.com eller her p\u00e5 siden under K\u00f8be opskrifter Du kan f\u00f8lge Stine p\u00e5 de sociale medier her - LinkedIn - Facebook - Instagram"}]}},"_links":{"self":[{"href":"https:\/\/stineoester.dk\/es\/wp-json\/wp\/v2\/pages\/3315","targetHints":{"allow":["GET"]}}],"collection":[{"href":"https:\/\/stineoester.dk\/es\/wp-json\/wp\/v2\/pages"}],"about":[{"href":"https:\/\/stineoester.dk\/es\/wp-json\/wp\/v2\/types\/page"}],"author":[{"embeddable":true,"href":"https:\/\/stineoester.dk\/es\/wp-json\/wp\/v2\/users\/1"}],"replies":[{"embeddable":true,"href":"https:\/\/stineoester.dk\/es\/wp-json\/wp\/v2\/comments?post=3315"}],"version-history":[{"count":1,"href":"https:\/\/stineoester.dk\/es\/wp-json\/wp\/v2\/pages\/3315\/revisions"}],"predecessor-version":[{"id":3316,"href":"https:\/\/stineoester.dk\/es\/wp-json\/wp\/v2\/pages\/3315\/revisions\/3316"}],"wp:attachment":[{"href":"https:\/\/stineoester.dk\/es\/wp-json\/wp\/v2\/media?parent=3315"}],"curies":[{"name":"wp","href":"https:\/\/api.w.org\/{rel}","templated":true}]}}