{"id":3321,"date":"2017-12-08T14:08:00","date_gmt":"2017-12-08T13:08:00","guid":{"rendered":"https:\/\/stineoester.dk\/datenpolitik\/"},"modified":"2023-07-05T12:59:51","modified_gmt":"2023-07-05T10:59:51","slug":"datenpolitik","status":"publish","type":"page","link":"https:\/\/stineoester.dk\/de\/datenpolitik\/","title":{"rendered":"Datenpolitik"},"content":{"rendered":"<p>Keine pers\u00f6nlichen Informationen, die auf stineoester.dk registriert sind, werden zu irgendeinem Zeitpunkt \u00fcbertragen, verkauft oder Dritten zur Verf\u00fcgung gestellt. Alle Informationen werden sicher im Datenzentrum gespeichert und sind nur f\u00fcr vertrauensw\u00fcrdige Mitarbeiter zug\u00e4nglich. Die Informationen werden ausschlie\u00dflich zum Zweck der Bearbeitung Ihrer Bestellung gesammelt und wenn Sie sich daf\u00fcr entschieden haben, weitere Informationen \u00fcber Produkte von stineoester.dk zu erhalten.<\/p>\n<p>Bei jeder elektronischen Zahlung wird eine sichere, verschl\u00fcsselte Methode \u00fcber den Shop verwendet. Es handelt sich um einen zugelassenen Anbieter mit einer Genehmigung von PBS.<\/p>\n<p>Bei einem Kauf fragen wir nach Ihrem Namen, Ihrer Adresse, Telefonnummer und E-Mail-Adresse. Diese Informationen werden ausschlie\u00dflich zur Abwicklung der Bestellung verwendet. Die Informationen werden in unverschl\u00fcsselter Form elektronisch \u00fcbermittelt und gespeichert und 5 Jahre lang aufbewahrt. Der &#8220;Vertrag&#8221; (Kaufvertrag) selbst wird bei stineoester.dk nicht so gespeichert, dass Sie sich sp\u00e4ter einloggen und den Status einsehen\/\u00e4ndern k\u00f6nnen.<\/p>\n<p>Wir registrieren die IP-Adresse, von der aus die Eink\u00e4ufe get\u00e4tigt werden. Die Informationen sind in der Regel nicht verwertbar, k\u00f6nnen aber bei eventuellen polizeilichen Ermittlungen verwendet werden. Alle betr\u00fcgerischen Bestellungen werden bei der Polizei angezeigt!<\/p>\n<p>Sie k\u00f6nnen Ihre E-Mail-Adresse auch in den Newsletter von stineoester.dk aufnehmen lassen, damit Sie regelm\u00e4\u00dfig Neuigkeiten und andere Informationen von stineoester.dk erhalten. Dieser Dienst kann jederzeit nach Belieben abonniert und abbestellt werden.<\/p>\n<p>Gem\u00e4\u00df dem d\u00e4nischen Gesetz \u00fcber personenbezogene Daten erteilen wir auf Anfrage Auskunft \u00fcber die registrierten Daten und l\u00f6schen die Daten auf der Grundlage etwaiger Einw\u00e4nde im gew\u00fcnschten Umfang.<\/p>\n","protected":false},"excerpt":{"rendered":"<p>Keine pers\u00f6nlichen Informationen, die auf stineoester.dk registriert sind, werden zu irgendeinem Zeitpunkt \u00fcbertragen, verkauft oder Dritten zur Verf\u00fcgung gestellt. Alle Informationen werden sicher im Datenzentrum gespeichert und sind nur f\u00fcr vertrauensw\u00fcrdige Mitarbeiter zug\u00e4nglich. Die Informationen werden ausschlie\u00dflich zum Zweck der Bearbeitung Ihrer Bestellung gesammelt und wenn Sie sich daf\u00fcr entschieden haben, weitere Informationen \u00fcber Produkte<\/p>\n","protected":false},"author":1,"featured_media":0,"parent":0,"menu_order":0,"comment_status":"closed","ping_status":"closed","template":"","meta":{"footnotes":""},"class_list":["post-3321","page","type-page","status-publish"],"yoast_head":"<!-- This site is optimized with the Yoast SEO plugin v26.2 - https:\/\/yoast.com\/wordpress\/plugins\/seo\/ -->\n<title>Datenpolitik - Stine \u00d8ster<\/title>\n<meta name=\"robots\" content=\"index, follow, max-snippet:-1, max-image-preview:large, max-video-preview:-1\" \/>\n<link rel=\"canonical\" href=\"https:\/\/stineoester.dk\/de\/?page_id=3321\" \/>\n<meta property=\"og:locale\" content=\"de_DE\" \/>\n<meta property=\"og:type\" content=\"article\" \/>\n<meta property=\"og:title\" content=\"Datenpolitik - Stine \u00d8ster\" \/>\n<meta property=\"og:description\" content=\"Keine pers\u00f6nlichen Informationen, die auf stineoester.dk registriert sind, werden zu irgendeinem Zeitpunkt \u00fcbertragen, verkauft oder Dritten zur Verf\u00fcgung gestellt. Alle Informationen werden sicher im Datenzentrum gespeichert und sind nur f\u00fcr vertrauensw\u00fcrdige Mitarbeiter zug\u00e4nglich. Die Informationen werden ausschlie\u00dflich zum Zweck der Bearbeitung Ihrer Bestellung gesammelt und wenn Sie sich daf\u00fcr entschieden haben, weitere Informationen \u00fcber Produkte\" \/>\n<meta property=\"og:url\" content=\"https:\/\/stineoester.dk\/de\/?page_id=3321\" \/>\n<meta property=\"og:site_name\" content=\"Stine \u00d8ster\" \/>\n<meta property=\"article:modified_time\" content=\"2023-07-05T10:59:51+00:00\" \/>\n<meta name=\"twitter:card\" content=\"summary_large_image\" \/>\n<meta name=\"twitter:label1\" content=\"Gesch\u00e4tzte Lesezeit\" \/>\n\t<meta name=\"twitter:data1\" content=\"1\u00a0Minute\" \/>\n<!-- \/ Yoast SEO plugin. -->","yoast_head_json":{"title":"Datenpolitik - Stine \u00d8ster","robots":{"index":"index","follow":"follow","max-snippet":"max-snippet:-1","max-image-preview":"max-image-preview:large","max-video-preview":"max-video-preview:-1"},"canonical":"https:\/\/stineoester.dk\/de\/?page_id=3321","og_locale":"de_DE","og_type":"article","og_title":"Datenpolitik - Stine \u00d8ster","og_description":"Keine pers\u00f6nlichen Informationen, die auf stineoester.dk registriert sind, werden zu irgendeinem Zeitpunkt \u00fcbertragen, verkauft oder Dritten zur Verf\u00fcgung gestellt. Alle Informationen werden sicher im Datenzentrum gespeichert und sind nur f\u00fcr vertrauensw\u00fcrdige Mitarbeiter zug\u00e4nglich. Die Informationen werden ausschlie\u00dflich zum Zweck der Bearbeitung Ihrer Bestellung gesammelt und wenn Sie sich daf\u00fcr entschieden haben, weitere Informationen \u00fcber Produkte","og_url":"https:\/\/stineoester.dk\/de\/?page_id=3321","og_site_name":"Stine \u00d8ster","article_modified_time":"2023-07-05T10:59:51+00:00","twitter_card":"summary_large_image","twitter_misc":{"Gesch\u00e4tzte Lesezeit":"1\u00a0Minute"},"schema":{"@context":"https:\/\/schema.org","@graph":[{"@type":"WebPage","@id":"https:\/\/stineoester.dk\/de\/?page_id=3321","url":"https:\/\/stineoester.dk\/de\/?page_id=3321","name":"Datenpolitik - Stine \u00d8ster","isPartOf":{"@id":"https:\/\/stineoester.dk\/#website"},"datePublished":"2017-12-08T13:08:00+00:00","dateModified":"2023-07-05T10:59:51+00:00","breadcrumb":{"@id":"https:\/\/stineoester.dk\/de\/?page_id=3321#breadcrumb"},"inLanguage":"de","potentialAction":[{"@type":"ReadAction","target":["https:\/\/stineoester.dk\/de\/?page_id=3321"]}]},{"@type":"BreadcrumbList","@id":"https:\/\/stineoester.dk\/de\/?page_id=3321#breadcrumb","itemListElement":[{"@type":"ListItem","position":1,"name":"Hjem","item":"https:\/\/stineoester.dk\/"},{"@type":"ListItem","position":2,"name":"Datenpolitik"}]},{"@type":"WebSite","@id":"https:\/\/stineoester.dk\/#website","url":"https:\/\/stineoester.dk\/","name":"Stine \u00d8ster","description":"Strikkeopskrifter - Stines blog om strik","publisher":{"@id":"https:\/\/stineoester.dk\/#\/schema\/person\/9ce68975ea36c5ac4ffb7f635e8218b4"},"potentialAction":[{"@type":"SearchAction","target":{"@type":"EntryPoint","urlTemplate":"https:\/\/stineoester.dk\/?s={search_term_string}"},"query-input":{"@type":"PropertyValueSpecification","valueRequired":true,"valueName":"search_term_string"}}],"inLanguage":"de"},{"@type":["Person","Organization"],"@id":"https:\/\/stineoester.dk\/#\/schema\/person\/9ce68975ea36c5ac4ffb7f635e8218b4","name":"Strikkeekspert Stine \u00d8ster","image":{"@type":"ImageObject","inLanguage":"de","@id":"https:\/\/stineoester.dk\/#\/schema\/person\/image\/","url":"https:\/\/secure.gravatar.com\/avatar\/718dbfa699c0532ae1388c47d14d3e88aa2538bdeda14da97fc5e129d552931d?s=96&d=mm&r=g","contentUrl":"https:\/\/secure.gravatar.com\/avatar\/718dbfa699c0532ae1388c47d14d3e88aa2538bdeda14da97fc5e129d552931d?s=96&d=mm&r=g","caption":"Strikkeekspert Stine \u00d8ster"},"logo":{"@id":"https:\/\/stineoester.dk\/#\/schema\/person\/image\/"},"description":"Stine har strikket siden hun var blot 4 \u00e5r gammel. Hun l\u00e6rte det af sin mormor og har siden ikke kunne slippe strikket\u00f8jet. De f\u00f8rste mange \u00e5r var det blot en hobby at strikke, selvom det er blevet til mange hundrede opskrifter var det f\u00f8rst i 2010 at hun for alvor begyndte at designe professionelt. Siden er det blevet til mange dusin opskrifter i alle former og farver. Stine har designet alt fra karklude til nogle af de mest strikkede modeller i Danmark. Rome Ponchoen er Stines mest strikkede opskrift. Igennem \u00e5rene er der solgt mere end 1000 opskrifter af denne model. I det hele taget er en Poncho noget af det som Stine ynder at strikke. Det er blevet til flere meget strikkede emodeller. Herunder Putte Poncho og den s\u00e5kaldte Charlotte Poncho, som hun strikkede til hende da Charlotte Roest blev valgt ind i byr\u00e5det. R\u00e5dgivning Stine har igennem webshoppen filato.dk, der nu fungerer alene som strikkeblog samt i hendes fysiske forretning i Pr\u00e6st\u00f8, brugt sine evner til at r\u00e5dgive kunder hver eneste dag. Den professionelle tilgang til garn og opskrifter har hjulpet mange mennesker fra hele Danmark I 2018 valgte Stine at lukke sin fysiske forretning og g\u00e5 100% ind p\u00e5 strikke designs F\u00e5 ekspert hj\u00e6lp N\u00e5r man designer s\u00e5 meget som Stine har gjort, s\u00e5 kan det naturligvis v\u00e6re en udfordring at kunne hj\u00e6lpe alle. Hun g\u00f8r sit ypperste og s\u00e6rligt i Facebook gruppen kan du f\u00e5 hj\u00e6lp. Skulle du st\u00f8de ind i problemer kan Stine ogs\u00e5 hj\u00e6lpe dig ved at du skriver her. Enten som kommentar til opskriften eller ved at kontakte hende direkte. Vil du have Stines opskrifter? Du kan enten k\u00f8be dem p\u00e5 ravelry.com eller her p\u00e5 siden under K\u00f8be opskrifter Du kan f\u00f8lge Stine p\u00e5 de sociale medier her - LinkedIn - Facebook - Instagram"}]}},"_links":{"self":[{"href":"https:\/\/stineoester.dk\/de\/wp-json\/wp\/v2\/pages\/3321","targetHints":{"allow":["GET"]}}],"collection":[{"href":"https:\/\/stineoester.dk\/de\/wp-json\/wp\/v2\/pages"}],"about":[{"href":"https:\/\/stineoester.dk\/de\/wp-json\/wp\/v2\/types\/page"}],"author":[{"embeddable":true,"href":"https:\/\/stineoester.dk\/de\/wp-json\/wp\/v2\/users\/1"}],"replies":[{"embeddable":true,"href":"https:\/\/stineoester.dk\/de\/wp-json\/wp\/v2\/comments?post=3321"}],"version-history":[{"count":1,"href":"https:\/\/stineoester.dk\/de\/wp-json\/wp\/v2\/pages\/3321\/revisions"}],"predecessor-version":[{"id":3322,"href":"https:\/\/stineoester.dk\/de\/wp-json\/wp\/v2\/pages\/3321\/revisions\/3322"}],"wp:attachment":[{"href":"https:\/\/stineoester.dk\/de\/wp-json\/wp\/v2\/media?parent=3321"}],"curies":[{"name":"wp","href":"https:\/\/api.w.org\/{rel}","templated":true}]}}