{"id":2915,"date":"2018-03-20T08:38:11","date_gmt":"2018-03-20T07:38:11","guid":{"rendered":"https:\/\/stineoester.dk\/melden-sie-sich-fuer-meinen-newsletter-an\/"},"modified":"2023-07-05T12:58:19","modified_gmt":"2023-07-05T10:58:19","slug":"melden-sie-sich-fuer-meinen-newsletter-an","status":"publish","type":"page","link":"https:\/\/stineoester.dk\/de\/melden-sie-sich-fuer-meinen-newsletter-an\/","title":{"rendered":"Melden Sie sich f\u00fcr meinen Newsletter an"},"content":{"rendered":"<p>Hallo, Kumpel,<\/p>\n<p>Vielen Dank, dass Sie sich f\u00fcr meinen Newsletter angemeldet haben. Ich kann es kaum erwarten, meine Welt mit Ihnen zu teilen. Ich stricke jeden Tag, und manchmal entwerfe ich meine eigenen Designs und Muster. F\u00fcr einige verlange ich ein wenig Geld, andere gebe ich hier auf der Website oder per E-Mail kostenlos ab.<\/p>\n<p>[cm_form form_id=&#8221;cm_5ab0ba422a44c&#8221;]<\/p>\n<p><img fetchpriority=\"high\" decoding=\"async\" class=\"alignnone wp-image-1077 size-full\" src=\"https:\/\/stineoester.dk\/wp-content\/uploads\/2018\/03\/signup-box-til-egen-blog.jpg\" alt=\"\" width=\"850\" height=\"567\" srcset=\"https:\/\/stineoester.dk\/wp-content\/uploads\/2018\/03\/signup-box-til-egen-blog.jpg 850w, https:\/\/stineoester.dk\/wp-content\/uploads\/2018\/03\/signup-box-til-egen-blog-300x200.jpg 300w, https:\/\/stineoester.dk\/wp-content\/uploads\/2018\/03\/signup-box-til-egen-blog-768x512.jpg 768w, https:\/\/stineoester.dk\/wp-content\/uploads\/2018\/03\/signup-box-til-egen-blog-104x69.jpg 104w\" sizes=\"(max-width: 850px) 100vw, 850px\" \/><\/p>\n","protected":false},"excerpt":{"rendered":"<p>Hallo, Kumpel, Vielen Dank, dass Sie sich f\u00fcr meinen Newsletter angemeldet haben. Ich kann es kaum erwarten, meine Welt mit Ihnen zu teilen. Ich stricke jeden Tag, und manchmal entwerfe ich meine eigenen Designs und Muster. F\u00fcr einige verlange ich ein wenig Geld, andere gebe ich hier auf der Website oder per E-Mail kostenlos ab.<\/p>\n","protected":false},"author":1,"featured_media":0,"parent":0,"menu_order":0,"comment_status":"closed","ping_status":"closed","template":"","meta":{"footnotes":""},"class_list":["post-2915","page","type-page","status-publish"],"yoast_head":"<!-- This site is optimized with the Yoast SEO plugin v26.2 - https:\/\/yoast.com\/wordpress\/plugins\/seo\/ -->\n<title>Melden Sie sich f\u00fcr meinen Newsletter an - Stine \u00d8ster<\/title>\n<meta name=\"robots\" content=\"index, follow, max-snippet:-1, max-image-preview:large, max-video-preview:-1\" \/>\n<link rel=\"canonical\" href=\"https:\/\/stineoester.dk\/de\/?page_id=2915\" \/>\n<meta property=\"og:locale\" content=\"de_DE\" \/>\n<meta property=\"og:type\" content=\"article\" \/>\n<meta property=\"og:title\" content=\"Melden Sie sich f\u00fcr meinen Newsletter an - Stine \u00d8ster\" \/>\n<meta property=\"og:description\" content=\"Hallo, Kumpel, Vielen Dank, dass Sie sich f\u00fcr meinen Newsletter angemeldet haben. Ich kann es kaum erwarten, meine Welt mit Ihnen zu teilen. Ich stricke jeden Tag, und manchmal entwerfe ich meine eigenen Designs und Muster. F\u00fcr einige verlange ich ein wenig Geld, andere gebe ich hier auf der Website oder per E-Mail kostenlos ab.\" \/>\n<meta property=\"og:url\" content=\"https:\/\/stineoester.dk\/de\/?page_id=2915\" \/>\n<meta property=\"og:site_name\" content=\"Stine \u00d8ster\" \/>\n<meta property=\"article:modified_time\" content=\"2023-07-05T10:58:19+00:00\" \/>\n<meta property=\"og:image\" content=\"https:\/\/stineoester.dk\/wp-content\/uploads\/2018\/03\/signup-box-til-egen-blog.jpg\" \/>\n<meta name=\"twitter:card\" content=\"summary_large_image\" \/>\n<!-- \/ Yoast SEO plugin. -->","yoast_head_json":{"title":"Melden Sie sich f\u00fcr meinen Newsletter an - Stine \u00d8ster","robots":{"index":"index","follow":"follow","max-snippet":"max-snippet:-1","max-image-preview":"max-image-preview:large","max-video-preview":"max-video-preview:-1"},"canonical":"https:\/\/stineoester.dk\/de\/?page_id=2915","og_locale":"de_DE","og_type":"article","og_title":"Melden Sie sich f\u00fcr meinen Newsletter an - Stine \u00d8ster","og_description":"Hallo, Kumpel, Vielen Dank, dass Sie sich f\u00fcr meinen Newsletter angemeldet haben. Ich kann es kaum erwarten, meine Welt mit Ihnen zu teilen. Ich stricke jeden Tag, und manchmal entwerfe ich meine eigenen Designs und Muster. F\u00fcr einige verlange ich ein wenig Geld, andere gebe ich hier auf der Website oder per E-Mail kostenlos ab.","og_url":"https:\/\/stineoester.dk\/de\/?page_id=2915","og_site_name":"Stine \u00d8ster","article_modified_time":"2023-07-05T10:58:19+00:00","og_image":[{"url":"https:\/\/stineoester.dk\/wp-content\/uploads\/2018\/03\/signup-box-til-egen-blog.jpg","type":"","width":"","height":""}],"twitter_card":"summary_large_image","schema":{"@context":"https:\/\/schema.org","@graph":[{"@type":"WebPage","@id":"https:\/\/stineoester.dk\/de\/?page_id=2915","url":"https:\/\/stineoester.dk\/de\/?page_id=2915","name":"Melden Sie sich f\u00fcr meinen Newsletter an - Stine \u00d8ster","isPartOf":{"@id":"https:\/\/stineoester.dk\/#website"},"primaryImageOfPage":{"@id":"https:\/\/stineoester.dk\/de\/?page_id=2915#primaryimage"},"image":{"@id":"https:\/\/stineoester.dk\/de\/?page_id=2915#primaryimage"},"thumbnailUrl":"https:\/\/stineoester.dk\/wp-content\/uploads\/2018\/03\/signup-box-til-egen-blog.jpg","datePublished":"2018-03-20T07:38:11+00:00","dateModified":"2023-07-05T10:58:19+00:00","breadcrumb":{"@id":"https:\/\/stineoester.dk\/de\/?page_id=2915#breadcrumb"},"inLanguage":"de","potentialAction":[{"@type":"ReadAction","target":["https:\/\/stineoester.dk\/de\/?page_id=2915"]}]},{"@type":"ImageObject","inLanguage":"de","@id":"https:\/\/stineoester.dk\/de\/?page_id=2915#primaryimage","url":"https:\/\/stineoester.dk\/wp-content\/uploads\/2018\/03\/signup-box-til-egen-blog.jpg","contentUrl":"https:\/\/stineoester.dk\/wp-content\/uploads\/2018\/03\/signup-box-til-egen-blog.jpg"},{"@type":"BreadcrumbList","@id":"https:\/\/stineoester.dk\/de\/?page_id=2915#breadcrumb","itemListElement":[{"@type":"ListItem","position":1,"name":"Hjem","item":"https:\/\/stineoester.dk\/"},{"@type":"ListItem","position":2,"name":"Melden Sie sich f\u00fcr meinen Newsletter an"}]},{"@type":"WebSite","@id":"https:\/\/stineoester.dk\/#website","url":"https:\/\/stineoester.dk\/","name":"Stine \u00d8ster","description":"Strikkeopskrifter - Stines blog om strik","publisher":{"@id":"https:\/\/stineoester.dk\/#\/schema\/person\/9ce68975ea36c5ac4ffb7f635e8218b4"},"potentialAction":[{"@type":"SearchAction","target":{"@type":"EntryPoint","urlTemplate":"https:\/\/stineoester.dk\/?s={search_term_string}"},"query-input":{"@type":"PropertyValueSpecification","valueRequired":true,"valueName":"search_term_string"}}],"inLanguage":"de"},{"@type":["Person","Organization"],"@id":"https:\/\/stineoester.dk\/#\/schema\/person\/9ce68975ea36c5ac4ffb7f635e8218b4","name":"Strikkeekspert Stine \u00d8ster","image":{"@type":"ImageObject","inLanguage":"de","@id":"https:\/\/stineoester.dk\/#\/schema\/person\/image\/","url":"https:\/\/secure.gravatar.com\/avatar\/718dbfa699c0532ae1388c47d14d3e88aa2538bdeda14da97fc5e129d552931d?s=96&d=mm&r=g","contentUrl":"https:\/\/secure.gravatar.com\/avatar\/718dbfa699c0532ae1388c47d14d3e88aa2538bdeda14da97fc5e129d552931d?s=96&d=mm&r=g","caption":"Strikkeekspert Stine \u00d8ster"},"logo":{"@id":"https:\/\/stineoester.dk\/#\/schema\/person\/image\/"},"description":"Stine har strikket siden hun var blot 4 \u00e5r gammel. Hun l\u00e6rte det af sin mormor og har siden ikke kunne slippe strikket\u00f8jet. De f\u00f8rste mange \u00e5r var det blot en hobby at strikke, selvom det er blevet til mange hundrede opskrifter var det f\u00f8rst i 2010 at hun for alvor begyndte at designe professionelt. Siden er det blevet til mange dusin opskrifter i alle former og farver. Stine har designet alt fra karklude til nogle af de mest strikkede modeller i Danmark. Rome Ponchoen er Stines mest strikkede opskrift. Igennem \u00e5rene er der solgt mere end 1000 opskrifter af denne model. I det hele taget er en Poncho noget af det som Stine ynder at strikke. Det er blevet til flere meget strikkede emodeller. Herunder Putte Poncho og den s\u00e5kaldte Charlotte Poncho, som hun strikkede til hende da Charlotte Roest blev valgt ind i byr\u00e5det. R\u00e5dgivning Stine har igennem webshoppen filato.dk, der nu fungerer alene som strikkeblog samt i hendes fysiske forretning i Pr\u00e6st\u00f8, brugt sine evner til at r\u00e5dgive kunder hver eneste dag. Den professionelle tilgang til garn og opskrifter har hjulpet mange mennesker fra hele Danmark I 2018 valgte Stine at lukke sin fysiske forretning og g\u00e5 100% ind p\u00e5 strikke designs F\u00e5 ekspert hj\u00e6lp N\u00e5r man designer s\u00e5 meget som Stine har gjort, s\u00e5 kan det naturligvis v\u00e6re en udfordring at kunne hj\u00e6lpe alle. Hun g\u00f8r sit ypperste og s\u00e6rligt i Facebook gruppen kan du f\u00e5 hj\u00e6lp. Skulle du st\u00f8de ind i problemer kan Stine ogs\u00e5 hj\u00e6lpe dig ved at du skriver her. Enten som kommentar til opskriften eller ved at kontakte hende direkte. Vil du have Stines opskrifter? Du kan enten k\u00f8be dem p\u00e5 ravelry.com eller her p\u00e5 siden under K\u00f8be opskrifter Du kan f\u00f8lge Stine p\u00e5 de sociale medier her - LinkedIn - Facebook - Instagram"}]}},"_links":{"self":[{"href":"https:\/\/stineoester.dk\/de\/wp-json\/wp\/v2\/pages\/2915","targetHints":{"allow":["GET"]}}],"collection":[{"href":"https:\/\/stineoester.dk\/de\/wp-json\/wp\/v2\/pages"}],"about":[{"href":"https:\/\/stineoester.dk\/de\/wp-json\/wp\/v2\/types\/page"}],"author":[{"embeddable":true,"href":"https:\/\/stineoester.dk\/de\/wp-json\/wp\/v2\/users\/1"}],"replies":[{"embeddable":true,"href":"https:\/\/stineoester.dk\/de\/wp-json\/wp\/v2\/comments?post=2915"}],"version-history":[{"count":1,"href":"https:\/\/stineoester.dk\/de\/wp-json\/wp\/v2\/pages\/2915\/revisions"}],"predecessor-version":[{"id":2916,"href":"https:\/\/stineoester.dk\/de\/wp-json\/wp\/v2\/pages\/2915\/revisions\/2916"}],"wp:attachment":[{"href":"https:\/\/stineoester.dk\/de\/wp-json\/wp\/v2\/media?parent=2915"}],"curies":[{"name":"wp","href":"https:\/\/api.w.org\/{rel}","templated":true}]}}